{"id":4888,"date":"2023-06-16T10:26:40","date_gmt":"2023-06-16T09:26:40","guid":{"rendered":"http:\/\/partyparts.eu\/?post_type=product&#038;p=4888"},"modified":"2023-06-16T10:37:16","modified_gmt":"2023-06-16T09:37:16","slug":"tages-quad-abenteuer-zum-mieten","status":"publish","type":"product","link":"http:\/\/partyparts.eu\/en\/rent\/tages-quad-abenteuer-zum-mieten\/","title":{"rendered":"Tages Quad-Abenteuer zum mieten"},"content":{"rendered":"<p><span style=\"font-size: 16px;\">Stra\u00dfenquads ab 250ccm<\/span><\/p>\n<p>F\u00fchrerschein wir vorrausgesetzt.<\/p>\n<p>&nbsp;<\/p>\n<p><span style=\"font-size: 16px;\">Mit unserem Quad haben Sie die Freiheit, die Natur zu erkunden, abseits ausgetretener Pfade und fernab der Hektik des Alltags. Sie k\u00f6nnen durch dichte W\u00e4lder rasen, \u00fcber H\u00fcgel klettern und steinige Pfade bew\u00e4ltigen. Sp\u00fcren Sie den Nervenkitzel<\/span><\/p>\n","protected":false},"excerpt":{"rendered":"<p>Mieten Sie unser Quad\u00a0 f\u00fcr einen ganzen Tag und erkunden Sie die atemberaubende Landschaft um Cala Millor. Egal, ob Sie ein erfahrener Fahrer oder ein Anf\u00e4nger sind, unser Quad-Verleih bietet Ihnen eine aufregende und unvergessliche Erfahrung die in keinem Mallorcaurlaub fehlen sollte..<\/p>\n<p>Reservieren Sie noch heute unser Ganztages Quad-Abenteuer und erleben Sie eine aufregende und unvergessliche Fahrt in der Natur!<\/p>\n","protected":false},"featured_media":4889,"template":"","meta":{"site-sidebar-layout":"default","site-content-layout":"default","ast-site-content-layout":"","site-content-style":"default","site-sidebar-style":"default","ast-global-header-display":"","ast-banner-title-visibility":"","ast-main-header-display":"","ast-hfb-above-header-display":"","ast-hfb-below-header-display":"","ast-hfb-mobile-header-display":"","site-post-title":"","ast-breadcrumbs-content":"","ast-featured-img":"","footer-sml-layout":"","theme-transparent-header-meta":"default","adv-header-id-meta":"","stick-header-meta":"","header-above-stick-meta":"","header-main-stick-meta":"","header-below-stick-meta":"","astra-migrate-meta-layouts":""},"product_cat":[46],"product_tag":[],"yoast_head":"<!-- This site is optimized with the Yoast SEO plugin v20.11 - https:\/\/yoast.com\/wordpress\/plugins\/seo\/ -->\n<title>Tages Quad-Abenteuer zum mieten - Party Parts<\/title>\n<meta name=\"description\" content=\"Mieten Sie ein Quad in Cala Millor und erkunden Sie die atemberaubende Landschaft der Insel. Entdecken Sie versteckte Sch\u00e4tze fernab der touristischen Pfade. Reservieren Sie noch heute Ihr Quad f\u00fcr einen unvergesslichen Abenteuer auf Mallorca!\" \/>\n<meta name=\"robots\" content=\"index, follow, max-snippet:-1, max-image-preview:large, max-video-preview:-1\" \/>\n<link rel=\"canonical\" href=\"http:\/\/partyparts.eu\/en\/rent\/tages-quad-abenteuer-zum-mieten\/\" \/>\n<meta property=\"og:locale\" content=\"en_US\" \/>\n<meta property=\"og:type\" content=\"article\" \/>\n<meta property=\"og:title\" content=\"Tages Quad-Abenteuer zum mieten - Party Parts\" \/>\n<meta property=\"og:description\" content=\"Mieten Sie ein Quad in Cala Millor und erkunden Sie die atemberaubende Landschaft der Insel. Entdecken Sie versteckte Sch\u00e4tze fernab der touristischen Pfade. Reservieren Sie noch heute Ihr Quad f\u00fcr einen unvergesslichen Abenteuer auf Mallorca!\" \/>\n<meta property=\"og:url\" content=\"http:\/\/partyparts.eu\/en\/rent\/tages-quad-abenteuer-zum-mieten\/\" \/>\n<meta property=\"og:site_name\" content=\"Party Parts\" \/>\n<meta property=\"article:publisher\" content=\"https:\/\/www.facebook.com\/dPartyspass\" \/>\n<meta property=\"article:modified_time\" content=\"2023-06-16T09:37:16+00:00\" \/>\n<meta property=\"og:image\" content=\"https:\/\/partyparts.eu\/wp-content\/uploads\/2023\/06\/1.png\" \/>\n\t<meta property=\"og:image:width\" content=\"1080\" \/>\n\t<meta property=\"og:image:height\" content=\"1080\" \/>\n\t<meta property=\"og:image:type\" content=\"image\/png\" \/>\n<meta name=\"twitter:card\" content=\"summary_large_image\" \/>\n<meta name=\"twitter:label1\" content=\"Est. reading time\" \/>\n\t<meta name=\"twitter:data1\" content=\"1 minute\" \/>\n<script type=\"application\/ld+json\" class=\"yoast-schema-graph\">{\"@context\":\"https:\/\/schema.org\",\"@graph\":[{\"@type\":\"WebPage\",\"@id\":\"http:\/\/partyparts.eu\/en\/rent\/tages-quad-abenteuer-zum-mieten\/\",\"url\":\"http:\/\/partyparts.eu\/en\/rent\/tages-quad-abenteuer-zum-mieten\/\",\"name\":\"Tages Quad-Abenteuer zum mieten - Party Parts\",\"isPartOf\":{\"@id\":\"http:\/\/partyparts.eu\/en\/#website\"},\"datePublished\":\"2023-06-16T09:26:40+00:00\",\"dateModified\":\"2023-06-16T09:37:16+00:00\",\"description\":\"Mieten Sie ein Quad in Cala Millor und erkunden Sie die atemberaubende Landschaft der Insel. Entdecken Sie versteckte Sch\u00e4tze fernab der touristischen Pfade. Reservieren Sie noch heute Ihr Quad f\u00fcr einen unvergesslichen Abenteuer auf Mallorca!\",\"breadcrumb\":{\"@id\":\"http:\/\/partyparts.eu\/en\/rent\/tages-quad-abenteuer-zum-mieten\/#breadcrumb\"},\"inLanguage\":\"en-US\",\"potentialAction\":[{\"@type\":\"ReadAction\",\"target\":[\"http:\/\/partyparts.eu\/en\/rent\/tages-quad-abenteuer-zum-mieten\/\"]}]},{\"@type\":\"BreadcrumbList\",\"@id\":\"http:\/\/partyparts.eu\/en\/rent\/tages-quad-abenteuer-zum-mieten\/#breadcrumb\",\"itemListElement\":[{\"@type\":\"ListItem\",\"position\":1,\"name\":\"Startseite\",\"item\":\"http:\/\/partyparts.eu\/en\/\"},{\"@type\":\"ListItem\",\"position\":2,\"name\":\"Products\",\"item\":\"http:\/\/partyparts.eu\/en\/shop\/\"},{\"@type\":\"ListItem\",\"position\":3,\"name\":\"Tages Quad-Abenteuer zum mieten\"}]},{\"@type\":\"WebSite\",\"@id\":\"http:\/\/partyparts.eu\/en\/#website\",\"url\":\"http:\/\/partyparts.eu\/en\/\",\"name\":\"Party Parts\",\"description\":\"Miete dir, was Spa\u00df bringt!\",\"publisher\":{\"@id\":\"http:\/\/partyparts.eu\/en\/#organization\"},\"potentialAction\":[{\"@type\":\"SearchAction\",\"target\":{\"@type\":\"EntryPoint\",\"urlTemplate\":\"http:\/\/partyparts.eu\/en\/?s={search_term_string}\"},\"query-input\":\"required name=search_term_string\"}],\"inLanguage\":\"en-US\"},{\"@type\":\"Organization\",\"@id\":\"http:\/\/partyparts.eu\/en\/#organization\",\"name\":\"Party Parts\",\"url\":\"http:\/\/partyparts.eu\/en\/\",\"logo\":{\"@type\":\"ImageObject\",\"inLanguage\":\"en-US\",\"@id\":\"http:\/\/partyparts.eu\/en\/#\/schema\/logo\/image\/\",\"url\":\"http:\/\/partyparts.eu\/wp-content\/uploads\/2023\/01\/cropped-Logo_neu_150-2.png\",\"contentUrl\":\"http:\/\/partyparts.eu\/wp-content\/uploads\/2023\/01\/cropped-Logo_neu_150-2.png\",\"width\":150,\"height\":150,\"caption\":\"Party Parts\"},\"image\":{\"@id\":\"http:\/\/partyparts.eu\/en\/#\/schema\/logo\/image\/\"},\"sameAs\":[\"https:\/\/www.facebook.com\/dPartyspass\",\"https:\/\/www.instagram.com\/partypartsmallorca_\/\"]}]}<\/script>\n<!-- \/ Yoast SEO plugin. -->","yoast_head_json":{"title":"Tages Quad-Abenteuer zum mieten - Party Parts","description":"Mieten Sie ein Quad in Cala Millor und erkunden Sie die atemberaubende Landschaft der Insel. Entdecken Sie versteckte Sch\u00e4tze fernab der touristischen Pfade. Reservieren Sie noch heute Ihr Quad f\u00fcr einen unvergesslichen Abenteuer auf Mallorca!","robots":{"index":"index","follow":"follow","max-snippet":"max-snippet:-1","max-image-preview":"max-image-preview:large","max-video-preview":"max-video-preview:-1"},"canonical":"http:\/\/partyparts.eu\/en\/rent\/tages-quad-abenteuer-zum-mieten\/","og_locale":"en_US","og_type":"article","og_title":"Tages Quad-Abenteuer zum mieten - Party Parts","og_description":"Mieten Sie ein Quad in Cala Millor und erkunden Sie die atemberaubende Landschaft der Insel. Entdecken Sie versteckte Sch\u00e4tze fernab der touristischen Pfade. Reservieren Sie noch heute Ihr Quad f\u00fcr einen unvergesslichen Abenteuer auf Mallorca!","og_url":"http:\/\/partyparts.eu\/en\/rent\/tages-quad-abenteuer-zum-mieten\/","og_site_name":"Party Parts","article_publisher":"https:\/\/www.facebook.com\/dPartyspass","article_modified_time":"2023-06-16T09:37:16+00:00","og_image":[{"width":1080,"height":1080,"url":"https:\/\/partyparts.eu\/wp-content\/uploads\/2023\/06\/1.png","type":"image\/png"}],"twitter_card":"summary_large_image","twitter_misc":{"Est. reading time":"1 minute"},"schema":{"@context":"https:\/\/schema.org","@graph":[{"@type":"WebPage","@id":"http:\/\/partyparts.eu\/en\/rent\/tages-quad-abenteuer-zum-mieten\/","url":"http:\/\/partyparts.eu\/en\/rent\/tages-quad-abenteuer-zum-mieten\/","name":"Tages Quad-Abenteuer zum mieten - Party Parts","isPartOf":{"@id":"http:\/\/partyparts.eu\/en\/#website"},"datePublished":"2023-06-16T09:26:40+00:00","dateModified":"2023-06-16T09:37:16+00:00","description":"Mieten Sie ein Quad in Cala Millor und erkunden Sie die atemberaubende Landschaft der Insel. Entdecken Sie versteckte Sch\u00e4tze fernab der touristischen Pfade. Reservieren Sie noch heute Ihr Quad f\u00fcr einen unvergesslichen Abenteuer auf Mallorca!","breadcrumb":{"@id":"http:\/\/partyparts.eu\/en\/rent\/tages-quad-abenteuer-zum-mieten\/#breadcrumb"},"inLanguage":"en-US","potentialAction":[{"@type":"ReadAction","target":["http:\/\/partyparts.eu\/en\/rent\/tages-quad-abenteuer-zum-mieten\/"]}]},{"@type":"BreadcrumbList","@id":"http:\/\/partyparts.eu\/en\/rent\/tages-quad-abenteuer-zum-mieten\/#breadcrumb","itemListElement":[{"@type":"ListItem","position":1,"name":"Startseite","item":"http:\/\/partyparts.eu\/en\/"},{"@type":"ListItem","position":2,"name":"Products","item":"http:\/\/partyparts.eu\/en\/shop\/"},{"@type":"ListItem","position":3,"name":"Tages Quad-Abenteuer zum mieten"}]},{"@type":"WebSite","@id":"http:\/\/partyparts.eu\/en\/#website","url":"http:\/\/partyparts.eu\/en\/","name":"Party Parts","description":"Miete dir, was Spa\u00df bringt!","publisher":{"@id":"http:\/\/partyparts.eu\/en\/#organization"},"potentialAction":[{"@type":"SearchAction","target":{"@type":"EntryPoint","urlTemplate":"http:\/\/partyparts.eu\/en\/?s={search_term_string}"},"query-input":"required name=search_term_string"}],"inLanguage":"en-US"},{"@type":"Organization","@id":"http:\/\/partyparts.eu\/en\/#organization","name":"Party Parts","url":"http:\/\/partyparts.eu\/en\/","logo":{"@type":"ImageObject","inLanguage":"en-US","@id":"http:\/\/partyparts.eu\/en\/#\/schema\/logo\/image\/","url":"http:\/\/partyparts.eu\/wp-content\/uploads\/2023\/01\/cropped-Logo_neu_150-2.png","contentUrl":"http:\/\/partyparts.eu\/wp-content\/uploads\/2023\/01\/cropped-Logo_neu_150-2.png","width":150,"height":150,"caption":"Party Parts"},"image":{"@id":"http:\/\/partyparts.eu\/en\/#\/schema\/logo\/image\/"},"sameAs":["https:\/\/www.facebook.com\/dPartyspass","https:\/\/www.instagram.com\/partypartsmallorca_\/"]}]}},"_links":{"self":[{"href":"http:\/\/partyparts.eu\/en\/wp-json\/wp\/v2\/product\/4888"}],"collection":[{"href":"http:\/\/partyparts.eu\/en\/wp-json\/wp\/v2\/product"}],"about":[{"href":"http:\/\/partyparts.eu\/en\/wp-json\/wp\/v2\/types\/product"}],"wp:featuredmedia":[{"embeddable":true,"href":"http:\/\/partyparts.eu\/en\/wp-json\/wp\/v2\/media\/4889"}],"wp:attachment":[{"href":"http:\/\/partyparts.eu\/en\/wp-json\/wp\/v2\/media?parent=4888"}],"wp:term":[{"taxonomy":"product_cat","embeddable":true,"href":"http:\/\/partyparts.eu\/en\/wp-json\/wp\/v2\/product_cat?post=4888"},{"taxonomy":"product_tag","embeddable":true,"href":"http:\/\/partyparts.eu\/en\/wp-json\/wp\/v2\/product_tag?post=4888"}],"curies":[{"name":"wp","href":"https:\/\/api.w.org\/{rel}","templated":true}]}}