{"id":4022,"date":"2022-05-07T20:41:30","date_gmt":"2022-05-07T19:41:30","guid":{"rendered":"http:\/\/partyparts.eu\/pie-de-imprenta\/"},"modified":"2023-03-01T17:32:03","modified_gmt":"2023-03-01T16:32:03","slug":"pie-de-imprenta","status":"publish","type":"page","link":"http:\/\/partyparts.eu\/es\/pie-de-imprenta\/","title":{"rendered":"Pie de imprenta"},"content":{"rendered":"\t\t<div data-elementor-type=\"wp-page\" data-elementor-id=\"4022\" class=\"elementor elementor-4022 elementor-3\" data-elementor-post-type=\"page\">\n\t\t\t\t\t\t\t\t\t<section class=\"elementor-section elementor-top-section elementor-element elementor-element-6e1412c8 elementor-section-boxed elementor-section-height-default elementor-section-height-default\" data-id=\"6e1412c8\" data-element_type=\"section\">\n\t\t\t\t\t\t<div class=\"elementor-container elementor-column-gap-default\">\n\t\t\t\t\t<div class=\"elementor-column elementor-col-100 elementor-top-column elementor-element elementor-element-1704421c\" data-id=\"1704421c\" data-element_type=\"column\">\n\t\t\t<div class=\"elementor-widget-wrap elementor-element-populated\">\n\t\t\t\t\t\t\t\t<div class=\"elementor-element elementor-element-55e44858 elementor-widget elementor-widget-text-editor\" data-id=\"55e44858\" data-element_type=\"widget\" data-widget_type=\"text-editor.default\">\n\t\t\t\t<div class=\"elementor-widget-container\">\n\t\t\t<style>\/*! elementor - v3.16.0 - 20-09-2023 *\/\n.elementor-widget-text-editor.elementor-drop-cap-view-stacked .elementor-drop-cap{background-color:#69727d;color:#fff}.elementor-widget-text-editor.elementor-drop-cap-view-framed .elementor-drop-cap{color:#69727d;border:3px solid;background-color:transparent}.elementor-widget-text-editor:not(.elementor-drop-cap-view-default) .elementor-drop-cap{margin-top:8px}.elementor-widget-text-editor:not(.elementor-drop-cap-view-default) .elementor-drop-cap-letter{width:1em;height:1em}.elementor-widget-text-editor .elementor-drop-cap{float:left;text-align:center;line-height:1;font-size:50px}.elementor-widget-text-editor .elementor-drop-cap-letter{display:inline-block}<\/style>\t\t\t\t<header class=\"entry-header\"><\/header>\n<div class=\"entry-content\">\n<header class=\"entry-header\"><\/header>\n<div class=\"entry-content\">\n<p><span style=\"font-size: 2em; font-weight: bold;\">Informaci\u00f3n seg\u00fan 35 TMG<\/span><\/p>\n<\/div>\n<p>Dennis Schadly<\/p>\n<p><strong>ALEMANIA<\/strong><br \/>PartyParts der Partyspa\u00df<br \/>Berliner Stra\u00dfe 18<br \/>15746 Gro\u00df K\u00f6ris<\/p>\n<p>PartyParts der Partyspa\u00df<br \/>Lindenstra\u00dfe 38A<br \/>15757 Halbe<\/p>\n<\/div>\n<p>PartyParts der Partyspa\u00df<br \/>Rubusweg 6<br \/>12524 Berl\u00edn Altglienicke<\/p>\n<p>PartyParts der Partyspa\u00df<br \/>Berliner Stra\u00dfe 18<br \/>15746 Gro\u00df K\u00f6ris<\/p>\n<\/p>\n<p class=\"entry-content\"><strong>Contacto<\/strong><\/p>\n<div class=\"entry-content\">\n<p>Tel\u00e9fono: +49 33766 219831<br \/>M\u00f3vil: +49 1707039208<br \/>Correo electr\u00f3nico: info@partyparts.de<\/p>\n<p><strong>CIF<\/strong><\/p>\n<p>N\u00famero de identificaci\u00f3n fiscal con arreglo al art\u00edculo 27 a de la Ley alemana del Impuesto sobre las Ventas:<br \/>DE258878758<\/p>\n<\/p>\n<p><strong>PartyParts MALLORCA<\/strong><\/p>\n<p>PartyParts der Partyspa\u00df<br \/>Carrer de na Penyal 24 Local D<\/p>\n<p>07560 Cala Millor<\/p>\n<p>PartyParts der Partyspa\u00df<br \/>Carrer de la Violetta 17a 07559 Cala Bona<\/p>\n<p>Tel: +34 658 783 306<br \/>N.I.E Y6360423-V<\/p>\n<\/p>\n<p><strong>Responsable del contenido seg\u00fan \u00a7 55 para. 2 RStV<\/strong><\/p>\n<p>Dennis Schadly<\/p>\n<p><strong>Resoluci\u00f3n de litigios en la UE<\/strong><\/p>\n<p>La Comisi\u00f3n Europea ofrece una plataforma para la resoluci\u00f3n de litigios en l\u00ednea <a href=\"https:\/\/ec.europa.eu\/consumers\/odr\" target=\"_blank\" rel=\"noopener noreferrer\">(<\/a>ODR): <a href=\"https:\/\/ec.europa.eu\/consumers\/odr\" target=\"_blank\" rel=\"noopener noreferrer\">https:\/\/ec.europa.eu\/consumers\/odr.<\/a><br \/>Encontrar\u00e1 nuestra direcci\u00f3n de correo electr\u00f3nico en el pie de imprenta.<\/p>\n<p><strong>Resoluci\u00f3n de litigios en materia de consumo\/Junta Arbitral Universal<\/strong><\/p>\n<p>No estamos dispuestos ni obligados a participar en procedimientos de resoluci\u00f3n de litigios ante una junta arbitral de consumo.<\/p>\n<\/p>\n<p><strong>Responsabilidad por el contenido<\/strong><\/p>\n<p>Como proveedor de servicios, estamos, de acuerdo con el art\u00edculo 7, apartado 1 TMG es responsable de su propio contenido en estas p\u00e1ginas de acuerdo con las leyes generales. Sin embargo, de acuerdo con los art\u00edculos 8 a 10 de la TMG, no estamos obligados, como proveedores de servicios, a controlar la informaci\u00f3n de terceros transmitida o almacenada, ni a investigar las circunstancias que indiquen una actividad ilegal.<\/p>\n<p>Las obligaciones de eliminar o bloquear el uso de la informaci\u00f3n de acuerdo con las leyes generales no se ven afectadas por esto. Sin embargo, la responsabilidad a este respecto s\u00f3lo es posible a partir del momento en que se tiene conocimiento de una infracci\u00f3n concreta. Si tenemos conocimiento de cualquier infracci\u00f3n de este tipo, eliminaremos este contenido inmediatamente.<\/p>\n<\/p>\n<p><strong>Responsabilidad de los enlaces<\/strong><\/p>\n<p>Nuestra oferta contiene enlaces a p\u00e1ginas web externas de terceros, sobre cuyos contenidos no tenemos ninguna influencia. Por lo tanto, no podemos asumir ninguna responsabilidad por estos contenidos externos. El proveedor u operador de las p\u00e1ginas es siempre responsable del contenido de las p\u00e1ginas enlazadas. Las p\u00e1ginas enlazadas fueron revisadas para detectar posibles infracciones legales en el momento de enlazarlas. Los contenidos ilegales no eran reconocibles en el momento del enlace.<\/p>\n<p>Sin embargo, un control permanente de los contenidos de las p\u00e1ginas enlazadas no es razonable si no hay indicios concretos de una violaci\u00f3n de la ley. Si tenemos conocimiento de alguna infracci\u00f3n de la ley, eliminaremos dichos enlaces inmediatamente.<\/p>\n<h3>Copyright<\/h3>\n<p>Los contenidos y obras creados por los operadores del sitio en estas p\u00e1ginas est\u00e1n sujetos a la legislaci\u00f3n alemana sobre derechos de autor. La reproducci\u00f3n, edici\u00f3n, distribuci\u00f3n y cualquier tipo de utilizaci\u00f3n fuera de los l\u00edmites de la ley de derechos de autor requieren el consentimiento por escrito del respectivo autor o creador. Las descargas y copias de esta p\u00e1gina s\u00f3lo est\u00e1n permitidas para uso privado y no comercial.<\/p>\n<p>En la medida en que el contenido de esta p\u00e1gina no ha sido creado por el operador, se respetan los derechos de autor de terceros. En particular, los contenidos de terceros se identifican como tales. No obstante, si tiene conocimiento de una infracci\u00f3n de los derechos de autor, le rogamos que nos informe de ello. Si tenemos conocimiento de alguna infracci\u00f3n, eliminaremos dicho contenido inmediatamente.<\/p>\n<\/div>\n\t\t\t\t\t\t<\/div>\n\t\t\t\t<\/div>\n\t\t\t\t\t<\/div>\n\t\t<\/div>\n\t\t\t\t\t\t\t<\/div>\n\t\t<\/section>\n\t\t\t\t\t\t\t<\/div>\n\t\t","protected":false},"excerpt":{"rendered":"<p>Informaci\u00f3n seg\u00fan 35 TMG Dennis Schadly ALEMANIAPartyParts der Partyspa\u00dfBerliner Stra\u00dfe 1815746 Gro\u00df K\u00f6ris PartyParts der Partyspa\u00dfLindenstra\u00dfe 38A15757 Halbe PartyParts der Partyspa\u00dfRubusweg 612524 Berl\u00edn Altglienicke PartyParts der Partyspa\u00dfBerliner Stra\u00dfe 1815746 Gro\u00df K\u00f6ris Contacto Tel\u00e9fono: +49 33766 219831M\u00f3vil: +49 1707039208Correo electr\u00f3nico: info@partyparts.de CIF N\u00famero de identificaci\u00f3n fiscal con arreglo al art\u00edculo 27 a de la Ley alemana &hellip;<\/p>\n<p class=\"read-more\"> <a class=\"\" href=\"http:\/\/partyparts.eu\/es\/pie-de-imprenta\/\"> <span class=\"screen-reader-text\">Pie de imprenta<\/span> Leer m\u00e1s \u00bb<\/a><\/p>\n","protected":false},"author":1,"featured_media":0,"parent":0,"menu_order":0,"comment_status":"closed","ping_status":"closed","template":"","meta":{"site-sidebar-layout":"default","site-content-layout":"","ast-site-content-layout":"","site-content-style":"default","site-sidebar-style":"default","ast-global-header-display":"","ast-banner-title-visibility":"","ast-main-header-display":"","ast-hfb-above-header-display":"","ast-hfb-below-header-display":"","ast-hfb-mobile-header-display":"","site-post-title":"","ast-breadcrumbs-content":"","ast-featured-img":"","footer-sml-layout":"","theme-transparent-header-meta":"","adv-header-id-meta":"","stick-header-meta":"","header-above-stick-meta":"","header-main-stick-meta":"","header-below-stick-meta":"","astra-migrate-meta-layouts":"","footnotes":""},"yoast_head":"<!-- This site is optimized with the Yoast SEO plugin v20.11 - https:\/\/yoast.com\/wordpress\/plugins\/seo\/ -->\n<title>Pie de imprenta - Party Parts<\/title>\n<meta name=\"robots\" content=\"noindex, follow\" \/>\n<meta property=\"og:locale\" content=\"es_ES\" \/>\n<meta property=\"og:type\" content=\"article\" \/>\n<meta property=\"og:title\" content=\"Pie de imprenta - Party Parts\" \/>\n<meta property=\"og:description\" content=\"Informaci\u00f3n seg\u00fan 35 TMG Dennis Schadly ALEMANIAPartyParts der Partyspa\u00dfBerliner Stra\u00dfe 1815746 Gro\u00df K\u00f6ris PartyParts der Partyspa\u00dfLindenstra\u00dfe 38A15757 Halbe PartyParts der Partyspa\u00dfRubusweg 612524 Berl\u00edn Altglienicke PartyParts der Partyspa\u00dfBerliner Stra\u00dfe 1815746 Gro\u00df K\u00f6ris Contacto Tel\u00e9fono: +49 33766 219831M\u00f3vil: +49 1707039208Correo electr\u00f3nico: info@partyparts.de CIF N\u00famero de identificaci\u00f3n fiscal con arreglo al art\u00edculo 27 a de la Ley alemana &hellip; Pie de imprenta Leer m\u00e1s \u00bb\" \/>\n<meta property=\"og:url\" content=\"http:\/\/partyparts.eu\/es\/pie-de-imprenta\/\" \/>\n<meta property=\"og:site_name\" content=\"Party Parts\" \/>\n<meta property=\"article:publisher\" content=\"https:\/\/www.facebook.com\/dPartyspass\" \/>\n<meta property=\"article:modified_time\" content=\"2023-03-01T16:32:03+00:00\" \/>\n<meta name=\"twitter:card\" content=\"summary_large_image\" \/>\n<meta name=\"twitter:label1\" content=\"Tiempo de lectura\" \/>\n\t<meta name=\"twitter:data1\" content=\"3 minutos\" \/>\n<script type=\"application\/ld+json\" class=\"yoast-schema-graph\">{\"@context\":\"https:\/\/schema.org\",\"@graph\":[{\"@type\":\"WebPage\",\"@id\":\"http:\/\/partyparts.eu\/es\/pie-de-imprenta\/\",\"url\":\"http:\/\/partyparts.eu\/es\/pie-de-imprenta\/\",\"name\":\"Pie de imprenta - Party Parts\",\"isPartOf\":{\"@id\":\"http:\/\/partyparts.eu\/es\/#website\"},\"datePublished\":\"2022-05-07T19:41:30+00:00\",\"dateModified\":\"2023-03-01T16:32:03+00:00\",\"breadcrumb\":{\"@id\":\"http:\/\/partyparts.eu\/es\/pie-de-imprenta\/#breadcrumb\"},\"inLanguage\":\"es\",\"potentialAction\":[{\"@type\":\"ReadAction\",\"target\":[\"http:\/\/partyparts.eu\/es\/pie-de-imprenta\/\"]}]},{\"@type\":\"BreadcrumbList\",\"@id\":\"http:\/\/partyparts.eu\/es\/pie-de-imprenta\/#breadcrumb\",\"itemListElement\":[{\"@type\":\"ListItem\",\"position\":1,\"name\":\"Startseite\",\"item\":\"https:\/\/partyparts.eu\/es\/\"},{\"@type\":\"ListItem\",\"position\":2,\"name\":\"Pie de imprenta\"}]},{\"@type\":\"WebSite\",\"@id\":\"http:\/\/partyparts.eu\/es\/#website\",\"url\":\"http:\/\/partyparts.eu\/es\/\",\"name\":\"Party Parts\",\"description\":\"Miete dir, was Spa\u00df bringt!\",\"publisher\":{\"@id\":\"http:\/\/partyparts.eu\/es\/#organization\"},\"potentialAction\":[{\"@type\":\"SearchAction\",\"target\":{\"@type\":\"EntryPoint\",\"urlTemplate\":\"http:\/\/partyparts.eu\/es\/?s={search_term_string}\"},\"query-input\":\"required name=search_term_string\"}],\"inLanguage\":\"es\"},{\"@type\":\"Organization\",\"@id\":\"http:\/\/partyparts.eu\/es\/#organization\",\"name\":\"Party Parts\",\"url\":\"http:\/\/partyparts.eu\/es\/\",\"logo\":{\"@type\":\"ImageObject\",\"inLanguage\":\"es\",\"@id\":\"http:\/\/partyparts.eu\/es\/#\/schema\/logo\/image\/\",\"url\":\"http:\/\/partyparts.eu\/wp-content\/uploads\/2023\/01\/cropped-Logo_neu_150-2.png\",\"contentUrl\":\"http:\/\/partyparts.eu\/wp-content\/uploads\/2023\/01\/cropped-Logo_neu_150-2.png\",\"width\":150,\"height\":150,\"caption\":\"Party Parts\"},\"image\":{\"@id\":\"http:\/\/partyparts.eu\/es\/#\/schema\/logo\/image\/\"},\"sameAs\":[\"https:\/\/www.facebook.com\/dPartyspass\",\"https:\/\/www.instagram.com\/partypartsmallorca_\/\"]}]}<\/script>\n<!-- \/ Yoast SEO plugin. -->","yoast_head_json":{"title":"Pie de imprenta - Party Parts","robots":{"index":"noindex","follow":"follow"},"og_locale":"es_ES","og_type":"article","og_title":"Pie de imprenta - Party Parts","og_description":"Informaci\u00f3n seg\u00fan 35 TMG Dennis Schadly ALEMANIAPartyParts der Partyspa\u00dfBerliner Stra\u00dfe 1815746 Gro\u00df K\u00f6ris PartyParts der Partyspa\u00dfLindenstra\u00dfe 38A15757 Halbe PartyParts der Partyspa\u00dfRubusweg 612524 Berl\u00edn Altglienicke PartyParts der Partyspa\u00dfBerliner Stra\u00dfe 1815746 Gro\u00df K\u00f6ris Contacto Tel\u00e9fono: +49 33766 219831M\u00f3vil: +49 1707039208Correo electr\u00f3nico: info@partyparts.de CIF N\u00famero de identificaci\u00f3n fiscal con arreglo al art\u00edculo 27 a de la Ley alemana &hellip; Pie de imprenta Leer m\u00e1s \u00bb","og_url":"http:\/\/partyparts.eu\/es\/pie-de-imprenta\/","og_site_name":"Party Parts","article_publisher":"https:\/\/www.facebook.com\/dPartyspass","article_modified_time":"2023-03-01T16:32:03+00:00","twitter_card":"summary_large_image","twitter_misc":{"Tiempo de lectura":"3 minutos"},"schema":{"@context":"https:\/\/schema.org","@graph":[{"@type":"WebPage","@id":"http:\/\/partyparts.eu\/es\/pie-de-imprenta\/","url":"http:\/\/partyparts.eu\/es\/pie-de-imprenta\/","name":"Pie de imprenta - Party Parts","isPartOf":{"@id":"http:\/\/partyparts.eu\/es\/#website"},"datePublished":"2022-05-07T19:41:30+00:00","dateModified":"2023-03-01T16:32:03+00:00","breadcrumb":{"@id":"http:\/\/partyparts.eu\/es\/pie-de-imprenta\/#breadcrumb"},"inLanguage":"es","potentialAction":[{"@type":"ReadAction","target":["http:\/\/partyparts.eu\/es\/pie-de-imprenta\/"]}]},{"@type":"BreadcrumbList","@id":"http:\/\/partyparts.eu\/es\/pie-de-imprenta\/#breadcrumb","itemListElement":[{"@type":"ListItem","position":1,"name":"Startseite","item":"https:\/\/partyparts.eu\/es\/"},{"@type":"ListItem","position":2,"name":"Pie de imprenta"}]},{"@type":"WebSite","@id":"http:\/\/partyparts.eu\/es\/#website","url":"http:\/\/partyparts.eu\/es\/","name":"Party Parts","description":"Miete dir, was Spa\u00df bringt!","publisher":{"@id":"http:\/\/partyparts.eu\/es\/#organization"},"potentialAction":[{"@type":"SearchAction","target":{"@type":"EntryPoint","urlTemplate":"http:\/\/partyparts.eu\/es\/?s={search_term_string}"},"query-input":"required name=search_term_string"}],"inLanguage":"es"},{"@type":"Organization","@id":"http:\/\/partyparts.eu\/es\/#organization","name":"Party Parts","url":"http:\/\/partyparts.eu\/es\/","logo":{"@type":"ImageObject","inLanguage":"es","@id":"http:\/\/partyparts.eu\/es\/#\/schema\/logo\/image\/","url":"http:\/\/partyparts.eu\/wp-content\/uploads\/2023\/01\/cropped-Logo_neu_150-2.png","contentUrl":"http:\/\/partyparts.eu\/wp-content\/uploads\/2023\/01\/cropped-Logo_neu_150-2.png","width":150,"height":150,"caption":"Party Parts"},"image":{"@id":"http:\/\/partyparts.eu\/es\/#\/schema\/logo\/image\/"},"sameAs":["https:\/\/www.facebook.com\/dPartyspass","https:\/\/www.instagram.com\/partypartsmallorca_\/"]}]}},"_links":{"self":[{"href":"http:\/\/partyparts.eu\/es\/wp-json\/wp\/v2\/pages\/4022"}],"collection":[{"href":"http:\/\/partyparts.eu\/es\/wp-json\/wp\/v2\/pages"}],"about":[{"href":"http:\/\/partyparts.eu\/es\/wp-json\/wp\/v2\/types\/page"}],"author":[{"embeddable":true,"href":"http:\/\/partyparts.eu\/es\/wp-json\/wp\/v2\/users\/1"}],"replies":[{"embeddable":true,"href":"http:\/\/partyparts.eu\/es\/wp-json\/wp\/v2\/comments?post=4022"}],"version-history":[{"count":1,"href":"http:\/\/partyparts.eu\/es\/wp-json\/wp\/v2\/pages\/4022\/revisions"}],"predecessor-version":[{"id":4023,"href":"http:\/\/partyparts.eu\/es\/wp-json\/wp\/v2\/pages\/4022\/revisions\/4023"}],"wp:attachment":[{"href":"http:\/\/partyparts.eu\/es\/wp-json\/wp\/v2\/media?parent=4022"}],"curies":[{"name":"wp","href":"https:\/\/api.w.org\/{rel}","templated":true}]}}