{"id":4290,"date":"2023-01-20T14:46:33","date_gmt":"2023-01-20T13:46:33","guid":{"rendered":"http:\/\/partyparts.eu\/rent\/castillo-hinchable-tobogan-grande-8x4m\/"},"modified":"2023-01-20T14:46:33","modified_gmt":"2023-01-20T13:46:33","slug":"castillo-hinchable-tobogan-acuatico-grande-8x4","status":"publish","type":"product","link":"http:\/\/partyparts.eu\/es\/rent\/castillo-hinchable-tobogan-acuatico-grande-8x4\/","title":{"rendered":"Castillo Hinchable Tobog\u00e1n Grande 8x4m"},"content":{"rendered":"<p>Tobog\u00e1n acu\u00e1tico grande 8x4m 180\u20ac\/d\u00eda<\/p>\n","protected":false},"excerpt":{"rendered":"<p>Tobog\u00e1n acu\u00e1tico grande 8x4m 180\u20ac\/d\u00eda<\/p>\n","protected":false},"featured_media":4291,"template":"","meta":{"site-sidebar-layout":"default","site-content-layout":"default","ast-site-content-layout":"","site-content-style":"default","site-sidebar-style":"default","ast-global-header-display":"","ast-banner-title-visibility":"","ast-main-header-display":"","ast-hfb-above-header-display":"","ast-hfb-below-header-display":"","ast-hfb-mobile-header-display":"","site-post-title":"","ast-breadcrumbs-content":"","ast-featured-img":"","footer-sml-layout":"","theme-transparent-header-meta":"default","adv-header-id-meta":"","stick-header-meta":"","header-above-stick-meta":"","header-main-stick-meta":"","header-below-stick-meta":"","astra-migrate-meta-layouts":""},"product_cat":[53],"product_tag":[],"yoast_head":"<!-- This site is optimized with the Yoast SEO plugin v20.11 - https:\/\/yoast.com\/wordpress\/plugins\/seo\/ -->\n<title>Castillo Hinchable Tobog\u00e1n Grande 8x4m - Party Parts<\/title>\n<meta name=\"robots\" content=\"index, follow, max-snippet:-1, max-image-preview:large, max-video-preview:-1\" \/>\n<link rel=\"canonical\" href=\"http:\/\/partyparts.eu\/es\/rent\/castillo-hinchable-tobogan-acuatico-grande-8x4\/\" \/>\n<meta property=\"og:locale\" content=\"es_ES\" \/>\n<meta property=\"og:type\" content=\"article\" \/>\n<meta property=\"og:title\" content=\"Castillo Hinchable Tobog\u00e1n Grande 8x4m - Party Parts\" \/>\n<meta property=\"og:description\" content=\"Tobog\u00e1n acu\u00e1tico grande 8x4m 180\u20ac\/d\u00eda\" \/>\n<meta property=\"og:url\" content=\"http:\/\/partyparts.eu\/es\/rent\/castillo-hinchable-tobogan-acuatico-grande-8x4\/\" \/>\n<meta property=\"og:site_name\" content=\"Party Parts\" \/>\n<meta property=\"article:publisher\" content=\"https:\/\/www.facebook.com\/dPartyspass\" \/>\n<meta property=\"og:image\" content=\"http:\/\/partyparts.eu\/wp-content\/uploads\/2023\/01\/29a72adf-e1ab-4ed1-8e71-4e20f69fffaf.jpg\" \/>\n\t<meta property=\"og:image:width\" content=\"1200\" \/>\n\t<meta property=\"og:image:height\" content=\"1600\" \/>\n\t<meta property=\"og:image:type\" content=\"image\/jpeg\" \/>\n<meta name=\"twitter:card\" content=\"summary_large_image\" \/>\n<script type=\"application\/ld+json\" class=\"yoast-schema-graph\">{\"@context\":\"https:\/\/schema.org\",\"@graph\":[{\"@type\":\"WebPage\",\"@id\":\"http:\/\/partyparts.eu\/es\/rent\/castillo-hinchable-tobogan-acuatico-grande-8x4\/\",\"url\":\"http:\/\/partyparts.eu\/es\/rent\/castillo-hinchable-tobogan-acuatico-grande-8x4\/\",\"name\":\"Castillo Hinchable Tobog\u00e1n Grande 8x4m - Party Parts\",\"isPartOf\":{\"@id\":\"http:\/\/partyparts.eu\/es\/#website\"},\"datePublished\":\"2023-01-20T13:46:33+00:00\",\"dateModified\":\"2023-01-20T13:46:33+00:00\",\"breadcrumb\":{\"@id\":\"http:\/\/partyparts.eu\/es\/rent\/castillo-hinchable-tobogan-acuatico-grande-8x4\/#breadcrumb\"},\"inLanguage\":\"es\",\"potentialAction\":[{\"@type\":\"ReadAction\",\"target\":[\"http:\/\/partyparts.eu\/es\/rent\/castillo-hinchable-tobogan-acuatico-grande-8x4\/\"]}]},{\"@type\":\"BreadcrumbList\",\"@id\":\"http:\/\/partyparts.eu\/es\/rent\/castillo-hinchable-tobogan-acuatico-grande-8x4\/#breadcrumb\",\"itemListElement\":[{\"@type\":\"ListItem\",\"position\":1,\"name\":\"Startseite\",\"item\":\"https:\/\/partyparts.eu\/es\/\"},{\"@type\":\"ListItem\",\"position\":2,\"name\":\"Productos\",\"item\":\"http:\/\/partyparts.eu\/es\/shop\/\"},{\"@type\":\"ListItem\",\"position\":3,\"name\":\"Castillo Hinchable Tobog\u00e1n Grande 8x4m\"}]},{\"@type\":\"WebSite\",\"@id\":\"http:\/\/partyparts.eu\/es\/#website\",\"url\":\"http:\/\/partyparts.eu\/es\/\",\"name\":\"Party Parts\",\"description\":\"Miete dir, was Spa\u00df bringt!\",\"publisher\":{\"@id\":\"http:\/\/partyparts.eu\/es\/#organization\"},\"potentialAction\":[{\"@type\":\"SearchAction\",\"target\":{\"@type\":\"EntryPoint\",\"urlTemplate\":\"http:\/\/partyparts.eu\/es\/?s={search_term_string}\"},\"query-input\":\"required name=search_term_string\"}],\"inLanguage\":\"es\"},{\"@type\":\"Organization\",\"@id\":\"http:\/\/partyparts.eu\/es\/#organization\",\"name\":\"Party Parts\",\"url\":\"http:\/\/partyparts.eu\/es\/\",\"logo\":{\"@type\":\"ImageObject\",\"inLanguage\":\"es\",\"@id\":\"http:\/\/partyparts.eu\/es\/#\/schema\/logo\/image\/\",\"url\":\"http:\/\/partyparts.eu\/wp-content\/uploads\/2023\/01\/cropped-Logo_neu_150-2.png\",\"contentUrl\":\"http:\/\/partyparts.eu\/wp-content\/uploads\/2023\/01\/cropped-Logo_neu_150-2.png\",\"width\":150,\"height\":150,\"caption\":\"Party Parts\"},\"image\":{\"@id\":\"http:\/\/partyparts.eu\/es\/#\/schema\/logo\/image\/\"},\"sameAs\":[\"https:\/\/www.facebook.com\/dPartyspass\",\"https:\/\/www.instagram.com\/partypartsmallorca_\/\"]}]}<\/script>\n<!-- \/ Yoast SEO plugin. -->","yoast_head_json":{"title":"Castillo Hinchable Tobog\u00e1n Grande 8x4m - Party Parts","robots":{"index":"index","follow":"follow","max-snippet":"max-snippet:-1","max-image-preview":"max-image-preview:large","max-video-preview":"max-video-preview:-1"},"canonical":"http:\/\/partyparts.eu\/es\/rent\/castillo-hinchable-tobogan-acuatico-grande-8x4\/","og_locale":"es_ES","og_type":"article","og_title":"Castillo Hinchable Tobog\u00e1n Grande 8x4m - Party Parts","og_description":"Tobog\u00e1n acu\u00e1tico grande 8x4m 180\u20ac\/d\u00eda","og_url":"http:\/\/partyparts.eu\/es\/rent\/castillo-hinchable-tobogan-acuatico-grande-8x4\/","og_site_name":"Party Parts","article_publisher":"https:\/\/www.facebook.com\/dPartyspass","og_image":[{"width":1200,"height":1600,"url":"http:\/\/partyparts.eu\/wp-content\/uploads\/2023\/01\/29a72adf-e1ab-4ed1-8e71-4e20f69fffaf.jpg","type":"image\/jpeg"}],"twitter_card":"summary_large_image","schema":{"@context":"https:\/\/schema.org","@graph":[{"@type":"WebPage","@id":"http:\/\/partyparts.eu\/es\/rent\/castillo-hinchable-tobogan-acuatico-grande-8x4\/","url":"http:\/\/partyparts.eu\/es\/rent\/castillo-hinchable-tobogan-acuatico-grande-8x4\/","name":"Castillo Hinchable Tobog\u00e1n Grande 8x4m - Party Parts","isPartOf":{"@id":"http:\/\/partyparts.eu\/es\/#website"},"datePublished":"2023-01-20T13:46:33+00:00","dateModified":"2023-01-20T13:46:33+00:00","breadcrumb":{"@id":"http:\/\/partyparts.eu\/es\/rent\/castillo-hinchable-tobogan-acuatico-grande-8x4\/#breadcrumb"},"inLanguage":"es","potentialAction":[{"@type":"ReadAction","target":["http:\/\/partyparts.eu\/es\/rent\/castillo-hinchable-tobogan-acuatico-grande-8x4\/"]}]},{"@type":"BreadcrumbList","@id":"http:\/\/partyparts.eu\/es\/rent\/castillo-hinchable-tobogan-acuatico-grande-8x4\/#breadcrumb","itemListElement":[{"@type":"ListItem","position":1,"name":"Startseite","item":"https:\/\/partyparts.eu\/es\/"},{"@type":"ListItem","position":2,"name":"Productos","item":"http:\/\/partyparts.eu\/es\/shop\/"},{"@type":"ListItem","position":3,"name":"Castillo Hinchable Tobog\u00e1n Grande 8x4m"}]},{"@type":"WebSite","@id":"http:\/\/partyparts.eu\/es\/#website","url":"http:\/\/partyparts.eu\/es\/","name":"Party Parts","description":"Miete dir, was Spa\u00df bringt!","publisher":{"@id":"http:\/\/partyparts.eu\/es\/#organization"},"potentialAction":[{"@type":"SearchAction","target":{"@type":"EntryPoint","urlTemplate":"http:\/\/partyparts.eu\/es\/?s={search_term_string}"},"query-input":"required name=search_term_string"}],"inLanguage":"es"},{"@type":"Organization","@id":"http:\/\/partyparts.eu\/es\/#organization","name":"Party Parts","url":"http:\/\/partyparts.eu\/es\/","logo":{"@type":"ImageObject","inLanguage":"es","@id":"http:\/\/partyparts.eu\/es\/#\/schema\/logo\/image\/","url":"http:\/\/partyparts.eu\/wp-content\/uploads\/2023\/01\/cropped-Logo_neu_150-2.png","contentUrl":"http:\/\/partyparts.eu\/wp-content\/uploads\/2023\/01\/cropped-Logo_neu_150-2.png","width":150,"height":150,"caption":"Party Parts"},"image":{"@id":"http:\/\/partyparts.eu\/es\/#\/schema\/logo\/image\/"},"sameAs":["https:\/\/www.facebook.com\/dPartyspass","https:\/\/www.instagram.com\/partypartsmallorca_\/"]}]}},"_links":{"self":[{"href":"http:\/\/partyparts.eu\/es\/wp-json\/wp\/v2\/product\/4290"}],"collection":[{"href":"http:\/\/partyparts.eu\/es\/wp-json\/wp\/v2\/product"}],"about":[{"href":"http:\/\/partyparts.eu\/es\/wp-json\/wp\/v2\/types\/product"}],"wp:featuredmedia":[{"embeddable":true,"href":"http:\/\/partyparts.eu\/es\/wp-json\/wp\/v2\/media\/4291"}],"wp:attachment":[{"href":"http:\/\/partyparts.eu\/es\/wp-json\/wp\/v2\/media?parent=4290"}],"wp:term":[{"taxonomy":"product_cat","embeddable":true,"href":"http:\/\/partyparts.eu\/es\/wp-json\/wp\/v2\/product_cat?post=4290"},{"taxonomy":"product_tag","embeddable":true,"href":"http:\/\/partyparts.eu\/es\/wp-json\/wp\/v2\/product_tag?post=4290"}],"curies":[{"name":"wp","href":"https:\/\/api.w.org\/{rel}","templated":true}]}}