{"id":4682,"date":"2023-03-11T11:11:53","date_gmt":"2023-03-11T10:11:53","guid":{"rendered":"http:\/\/partyparts.eu\/rent\/dispensador-movil-de-cerveza\/"},"modified":"2023-03-11T11:11:53","modified_gmt":"2023-03-11T10:11:53","slug":"dispensador-movil-de-cerveza","status":"publish","type":"product","link":"http:\/\/partyparts.eu\/es\/rent\/dispensador-movil-de-cerveza\/","title":{"rendered":"Dispensador m\u00f3vil de cerveza"},"content":{"rendered":"<p>Nuestro sistema de grifos es f\u00e1cil de manejar y se instala r\u00e1pidamente y sin complicaciones. El sistema de refrigeraci\u00f3n integrado mantiene siempre la cerveza a la temperatura \u00f3ptima y garantiza un sabor fresco y delicioso. Con nuestro servicio de alquiler de grifos, podr\u00e1 agasajar a sus invitados con cerveza fresca y hacer de su evento una experiencia inolvidable.<\/p>\n<p>Precio a pedido<\/p>\n","protected":false},"excerpt":{"rendered":"<p>Nuestro sistema de grifos es f\u00e1cil de manejar y se instala r\u00e1pidamente y sin complicaciones. El sistema de refrigeraci\u00f3n integrado mantiene siempre la cerveza a la temperatura \u00f3ptima y garantiza un sabor fresco y delicioso. Con nuestro servicio de alquiler de grifos, podr\u00e1 agasajar a sus invitados con cerveza fresca y hacer de su evento &hellip;<\/p>\n<p class=\"read-more\"> <a class=\"\" href=\"http:\/\/partyparts.eu\/es\/rent\/dispensador-movil-de-cerveza\/\"> <span class=\"screen-reader-text\">Dispensador m\u00f3vil de cerveza<\/span> Leer m\u00e1s \u00bb<\/a><\/p>\n","protected":false},"featured_media":4654,"template":"","meta":{"site-sidebar-layout":"default","site-content-layout":"default","ast-site-content-layout":"","site-content-style":"default","site-sidebar-style":"default","ast-global-header-display":"","ast-banner-title-visibility":"","ast-main-header-display":"","ast-hfb-above-header-display":"","ast-hfb-below-header-display":"","ast-hfb-mobile-header-display":"","site-post-title":"","ast-breadcrumbs-content":"","ast-featured-img":"","footer-sml-layout":"","theme-transparent-header-meta":"default","adv-header-id-meta":"","stick-header-meta":"","header-above-stick-meta":"","header-main-stick-meta":"","header-below-stick-meta":"","astra-migrate-meta-layouts":""},"product_cat":[57],"product_tag":[],"yoast_head":"<!-- This site is optimized with the Yoast SEO plugin v20.11 - https:\/\/yoast.com\/wordpress\/plugins\/seo\/ -->\n<title>Dispensador m\u00f3vil de cerveza - Party Parts<\/title>\n<meta name=\"description\" content=\"Alquilar un dispensador de cerveza en Mallorca | Eventos, Fiestas, Cumplea\u00f1os y m\u00e1s | Alquilar un enfriador de cerveza | PartyParts Mallorca\" \/>\n<meta name=\"robots\" content=\"index, follow, max-snippet:-1, max-image-preview:large, max-video-preview:-1\" \/>\n<link rel=\"canonical\" href=\"http:\/\/partyparts.eu\/es\/rent\/dispensador-movil-de-cerveza\/\" \/>\n<meta property=\"og:locale\" content=\"es_ES\" \/>\n<meta property=\"og:type\" content=\"article\" \/>\n<meta property=\"og:title\" content=\"Dispensador m\u00f3vil de cerveza - Party Parts\" \/>\n<meta property=\"og:description\" content=\"Alquilar un dispensador de cerveza en Mallorca | Eventos, Fiestas, Cumplea\u00f1os y m\u00e1s | Alquilar un enfriador de cerveza | PartyParts Mallorca\" \/>\n<meta property=\"og:url\" content=\"http:\/\/partyparts.eu\/es\/rent\/dispensador-movil-de-cerveza\/\" \/>\n<meta property=\"og:site_name\" content=\"Party Parts\" \/>\n<meta property=\"article:publisher\" content=\"https:\/\/www.facebook.com\/dPartyspass\" \/>\n<meta property=\"og:image\" content=\"https:\/\/partyparts.eu\/wp-content\/uploads\/2023\/03\/1678528730803.jpg\" \/>\n\t<meta property=\"og:image:width\" content=\"768\" \/>\n\t<meta property=\"og:image:height\" content=\"1024\" \/>\n\t<meta property=\"og:image:type\" content=\"image\/jpeg\" \/>\n<meta name=\"twitter:card\" content=\"summary_large_image\" \/>\n<script type=\"application\/ld+json\" class=\"yoast-schema-graph\">{\"@context\":\"https:\/\/schema.org\",\"@graph\":[{\"@type\":\"WebPage\",\"@id\":\"http:\/\/partyparts.eu\/es\/rent\/dispensador-movil-de-cerveza\/\",\"url\":\"http:\/\/partyparts.eu\/es\/rent\/dispensador-movil-de-cerveza\/\",\"name\":\"Dispensador m\u00f3vil de cerveza - Party Parts\",\"isPartOf\":{\"@id\":\"http:\/\/partyparts.eu\/es\/#website\"},\"datePublished\":\"2023-03-11T10:11:53+00:00\",\"dateModified\":\"2023-03-11T10:11:53+00:00\",\"description\":\"Alquilar un dispensador de cerveza en Mallorca | Eventos, Fiestas, Cumplea\u00f1os y m\u00e1s | Alquilar un enfriador de cerveza | PartyParts Mallorca\",\"breadcrumb\":{\"@id\":\"http:\/\/partyparts.eu\/es\/rent\/dispensador-movil-de-cerveza\/#breadcrumb\"},\"inLanguage\":\"es\",\"potentialAction\":[{\"@type\":\"ReadAction\",\"target\":[\"http:\/\/partyparts.eu\/es\/rent\/dispensador-movil-de-cerveza\/\"]}]},{\"@type\":\"BreadcrumbList\",\"@id\":\"http:\/\/partyparts.eu\/es\/rent\/dispensador-movil-de-cerveza\/#breadcrumb\",\"itemListElement\":[{\"@type\":\"ListItem\",\"position\":1,\"name\":\"Startseite\",\"item\":\"https:\/\/partyparts.eu\/es\/\"},{\"@type\":\"ListItem\",\"position\":2,\"name\":\"Productos\",\"item\":\"http:\/\/partyparts.eu\/es\/shop\/\"},{\"@type\":\"ListItem\",\"position\":3,\"name\":\"Dispensador m\u00f3vil de cerveza\"}]},{\"@type\":\"WebSite\",\"@id\":\"http:\/\/partyparts.eu\/es\/#website\",\"url\":\"http:\/\/partyparts.eu\/es\/\",\"name\":\"Party Parts\",\"description\":\"Miete dir, was Spa\u00df bringt!\",\"publisher\":{\"@id\":\"http:\/\/partyparts.eu\/es\/#organization\"},\"potentialAction\":[{\"@type\":\"SearchAction\",\"target\":{\"@type\":\"EntryPoint\",\"urlTemplate\":\"http:\/\/partyparts.eu\/es\/?s={search_term_string}\"},\"query-input\":\"required name=search_term_string\"}],\"inLanguage\":\"es\"},{\"@type\":\"Organization\",\"@id\":\"http:\/\/partyparts.eu\/es\/#organization\",\"name\":\"Party Parts\",\"url\":\"http:\/\/partyparts.eu\/es\/\",\"logo\":{\"@type\":\"ImageObject\",\"inLanguage\":\"es\",\"@id\":\"http:\/\/partyparts.eu\/es\/#\/schema\/logo\/image\/\",\"url\":\"http:\/\/partyparts.eu\/wp-content\/uploads\/2023\/01\/cropped-Logo_neu_150-2.png\",\"contentUrl\":\"http:\/\/partyparts.eu\/wp-content\/uploads\/2023\/01\/cropped-Logo_neu_150-2.png\",\"width\":150,\"height\":150,\"caption\":\"Party Parts\"},\"image\":{\"@id\":\"http:\/\/partyparts.eu\/es\/#\/schema\/logo\/image\/\"},\"sameAs\":[\"https:\/\/www.facebook.com\/dPartyspass\",\"https:\/\/www.instagram.com\/partypartsmallorca_\/\"]}]}<\/script>\n<!-- \/ Yoast SEO plugin. -->","yoast_head_json":{"title":"Dispensador m\u00f3vil de cerveza - Party Parts","description":"Alquilar un dispensador de cerveza en Mallorca | Eventos, Fiestas, Cumplea\u00f1os y m\u00e1s | Alquilar un enfriador de cerveza | PartyParts Mallorca","robots":{"index":"index","follow":"follow","max-snippet":"max-snippet:-1","max-image-preview":"max-image-preview:large","max-video-preview":"max-video-preview:-1"},"canonical":"http:\/\/partyparts.eu\/es\/rent\/dispensador-movil-de-cerveza\/","og_locale":"es_ES","og_type":"article","og_title":"Dispensador m\u00f3vil de cerveza - Party Parts","og_description":"Alquilar un dispensador de cerveza en Mallorca | Eventos, Fiestas, Cumplea\u00f1os y m\u00e1s | Alquilar un enfriador de cerveza | PartyParts Mallorca","og_url":"http:\/\/partyparts.eu\/es\/rent\/dispensador-movil-de-cerveza\/","og_site_name":"Party Parts","article_publisher":"https:\/\/www.facebook.com\/dPartyspass","og_image":[{"width":768,"height":1024,"url":"https:\/\/partyparts.eu\/wp-content\/uploads\/2023\/03\/1678528730803.jpg","type":"image\/jpeg"}],"twitter_card":"summary_large_image","schema":{"@context":"https:\/\/schema.org","@graph":[{"@type":"WebPage","@id":"http:\/\/partyparts.eu\/es\/rent\/dispensador-movil-de-cerveza\/","url":"http:\/\/partyparts.eu\/es\/rent\/dispensador-movil-de-cerveza\/","name":"Dispensador m\u00f3vil de cerveza - Party Parts","isPartOf":{"@id":"http:\/\/partyparts.eu\/es\/#website"},"datePublished":"2023-03-11T10:11:53+00:00","dateModified":"2023-03-11T10:11:53+00:00","description":"Alquilar un dispensador de cerveza en Mallorca | Eventos, Fiestas, Cumplea\u00f1os y m\u00e1s | Alquilar un enfriador de cerveza | PartyParts Mallorca","breadcrumb":{"@id":"http:\/\/partyparts.eu\/es\/rent\/dispensador-movil-de-cerveza\/#breadcrumb"},"inLanguage":"es","potentialAction":[{"@type":"ReadAction","target":["http:\/\/partyparts.eu\/es\/rent\/dispensador-movil-de-cerveza\/"]}]},{"@type":"BreadcrumbList","@id":"http:\/\/partyparts.eu\/es\/rent\/dispensador-movil-de-cerveza\/#breadcrumb","itemListElement":[{"@type":"ListItem","position":1,"name":"Startseite","item":"https:\/\/partyparts.eu\/es\/"},{"@type":"ListItem","position":2,"name":"Productos","item":"http:\/\/partyparts.eu\/es\/shop\/"},{"@type":"ListItem","position":3,"name":"Dispensador m\u00f3vil de cerveza"}]},{"@type":"WebSite","@id":"http:\/\/partyparts.eu\/es\/#website","url":"http:\/\/partyparts.eu\/es\/","name":"Party Parts","description":"Miete dir, was Spa\u00df bringt!","publisher":{"@id":"http:\/\/partyparts.eu\/es\/#organization"},"potentialAction":[{"@type":"SearchAction","target":{"@type":"EntryPoint","urlTemplate":"http:\/\/partyparts.eu\/es\/?s={search_term_string}"},"query-input":"required name=search_term_string"}],"inLanguage":"es"},{"@type":"Organization","@id":"http:\/\/partyparts.eu\/es\/#organization","name":"Party Parts","url":"http:\/\/partyparts.eu\/es\/","logo":{"@type":"ImageObject","inLanguage":"es","@id":"http:\/\/partyparts.eu\/es\/#\/schema\/logo\/image\/","url":"http:\/\/partyparts.eu\/wp-content\/uploads\/2023\/01\/cropped-Logo_neu_150-2.png","contentUrl":"http:\/\/partyparts.eu\/wp-content\/uploads\/2023\/01\/cropped-Logo_neu_150-2.png","width":150,"height":150,"caption":"Party Parts"},"image":{"@id":"http:\/\/partyparts.eu\/es\/#\/schema\/logo\/image\/"},"sameAs":["https:\/\/www.facebook.com\/dPartyspass","https:\/\/www.instagram.com\/partypartsmallorca_\/"]}]}},"_links":{"self":[{"href":"http:\/\/partyparts.eu\/es\/wp-json\/wp\/v2\/product\/4682"}],"collection":[{"href":"http:\/\/partyparts.eu\/es\/wp-json\/wp\/v2\/product"}],"about":[{"href":"http:\/\/partyparts.eu\/es\/wp-json\/wp\/v2\/types\/product"}],"wp:featuredmedia":[{"embeddable":true,"href":"http:\/\/partyparts.eu\/es\/wp-json\/wp\/v2\/media\/4654"}],"wp:attachment":[{"href":"http:\/\/partyparts.eu\/es\/wp-json\/wp\/v2\/media?parent=4682"}],"wp:term":[{"taxonomy":"product_cat","embeddable":true,"href":"http:\/\/partyparts.eu\/es\/wp-json\/wp\/v2\/product_cat?post=4682"},{"taxonomy":"product_tag","embeddable":true,"href":"http:\/\/partyparts.eu\/es\/wp-json\/wp\/v2\/product_tag?post=4682"}],"curies":[{"name":"wp","href":"https:\/\/api.w.org\/{rel}","templated":true}]}}