{"id":4789,"date":"2023-03-19T09:36:15","date_gmt":"2023-03-19T08:36:15","guid":{"rendered":"https:\/\/partyparts.eu\/rent\/diversion-de-conduccion-elecrica\/"},"modified":"2023-03-19T09:36:15","modified_gmt":"2023-03-19T08:36:15","slug":"electric-driving-fun","status":"publish","type":"product","link":"http:\/\/partyparts.eu\/es\/rent\/electric-driving-fun\/","title":{"rendered":"Diversi\u00f3n de conducci\u00f3n el\u00e9crica"},"content":{"rendered":"<p>Alquile diversi\u00f3n de conducci\u00f3n el\u00e9ctrica para ni\u00f1os &#8211; Mercedes, Audi y mucho m\u00e1s.<\/p>\n","protected":false},"excerpt":{"rendered":"<p>Alquile diversi\u00f3n de conducci\u00f3n el\u00e9ctrica para ni\u00f1os &#8211; Mercedes, Audi y mucho m\u00e1s.<\/p>\n","protected":false},"featured_media":4786,"template":"","meta":{"site-sidebar-layout":"default","site-content-layout":"default","ast-site-content-layout":"","site-content-style":"default","site-sidebar-style":"default","ast-global-header-display":"","ast-banner-title-visibility":"","ast-main-header-display":"","ast-hfb-above-header-display":"","ast-hfb-below-header-display":"","ast-hfb-mobile-header-display":"","site-post-title":"","ast-breadcrumbs-content":"","ast-featured-img":"","footer-sml-layout":"","theme-transparent-header-meta":"default","adv-header-id-meta":"","stick-header-meta":"","header-above-stick-meta":"","header-main-stick-meta":"","header-below-stick-meta":"","astra-migrate-meta-layouts":""},"product_cat":[51],"product_tag":[],"yoast_head":"<!-- This site is optimized with the Yoast SEO plugin v20.11 - https:\/\/yoast.com\/wordpress\/plugins\/seo\/ -->\n<title>Diversi\u00f3n de conducci\u00f3n el\u00e9crica - Party Parts<\/title>\n<meta name=\"robots\" content=\"index, follow, max-snippet:-1, max-image-preview:large, max-video-preview:-1\" \/>\n<link rel=\"canonical\" href=\"http:\/\/partyparts.eu\/es\/rent\/electric-driving-fun\/\" \/>\n<meta property=\"og:locale\" content=\"es_ES\" \/>\n<meta property=\"og:type\" content=\"article\" \/>\n<meta property=\"og:title\" content=\"Diversi\u00f3n de conducci\u00f3n el\u00e9crica - Party Parts\" \/>\n<meta property=\"og:description\" content=\"Alquile diversi\u00f3n de conducci\u00f3n el\u00e9ctrica para ni\u00f1os &#8211; Mercedes, Audi y mucho m\u00e1s.\" \/>\n<meta property=\"og:url\" content=\"http:\/\/partyparts.eu\/es\/rent\/electric-driving-fun\/\" \/>\n<meta property=\"og:site_name\" content=\"Party Parts\" \/>\n<meta property=\"article:publisher\" content=\"https:\/\/www.facebook.com\/dPartyspass\" \/>\n<meta property=\"og:image\" content=\"http:\/\/partyparts.eu\/wp-content\/uploads\/2023\/03\/Elektrischer-Fahrspass-mallorca.jpg\" \/>\n\t<meta property=\"og:image:width\" content=\"1536\" \/>\n\t<meta property=\"og:image:height\" content=\"2048\" \/>\n\t<meta property=\"og:image:type\" content=\"image\/jpeg\" \/>\n<meta name=\"twitter:card\" content=\"summary_large_image\" \/>\n<script type=\"application\/ld+json\" class=\"yoast-schema-graph\">{\"@context\":\"https:\/\/schema.org\",\"@graph\":[{\"@type\":\"WebPage\",\"@id\":\"http:\/\/partyparts.eu\/es\/rent\/electric-driving-fun\/\",\"url\":\"http:\/\/partyparts.eu\/es\/rent\/electric-driving-fun\/\",\"name\":\"Diversi\u00f3n de conducci\u00f3n el\u00e9crica - Party Parts\",\"isPartOf\":{\"@id\":\"http:\/\/partyparts.eu\/es\/#website\"},\"datePublished\":\"2023-03-19T08:36:15+00:00\",\"dateModified\":\"2023-03-19T08:36:15+00:00\",\"breadcrumb\":{\"@id\":\"http:\/\/partyparts.eu\/es\/rent\/electric-driving-fun\/#breadcrumb\"},\"inLanguage\":\"es\",\"potentialAction\":[{\"@type\":\"ReadAction\",\"target\":[\"http:\/\/partyparts.eu\/es\/rent\/electric-driving-fun\/\"]}]},{\"@type\":\"BreadcrumbList\",\"@id\":\"http:\/\/partyparts.eu\/es\/rent\/electric-driving-fun\/#breadcrumb\",\"itemListElement\":[{\"@type\":\"ListItem\",\"position\":1,\"name\":\"Startseite\",\"item\":\"https:\/\/partyparts.eu\/es\/\"},{\"@type\":\"ListItem\",\"position\":2,\"name\":\"Productos\",\"item\":\"http:\/\/partyparts.eu\/es\/shop\/\"},{\"@type\":\"ListItem\",\"position\":3,\"name\":\"Diversi\u00f3n de conducci\u00f3n el\u00e9crica\"}]},{\"@type\":\"WebSite\",\"@id\":\"http:\/\/partyparts.eu\/es\/#website\",\"url\":\"http:\/\/partyparts.eu\/es\/\",\"name\":\"Party Parts\",\"description\":\"Miete dir, was Spa\u00df bringt!\",\"publisher\":{\"@id\":\"http:\/\/partyparts.eu\/es\/#organization\"},\"potentialAction\":[{\"@type\":\"SearchAction\",\"target\":{\"@type\":\"EntryPoint\",\"urlTemplate\":\"http:\/\/partyparts.eu\/es\/?s={search_term_string}\"},\"query-input\":\"required name=search_term_string\"}],\"inLanguage\":\"es\"},{\"@type\":\"Organization\",\"@id\":\"http:\/\/partyparts.eu\/es\/#organization\",\"name\":\"Party Parts\",\"url\":\"http:\/\/partyparts.eu\/es\/\",\"logo\":{\"@type\":\"ImageObject\",\"inLanguage\":\"es\",\"@id\":\"http:\/\/partyparts.eu\/es\/#\/schema\/logo\/image\/\",\"url\":\"http:\/\/partyparts.eu\/wp-content\/uploads\/2023\/01\/cropped-Logo_neu_150-2.png\",\"contentUrl\":\"http:\/\/partyparts.eu\/wp-content\/uploads\/2023\/01\/cropped-Logo_neu_150-2.png\",\"width\":150,\"height\":150,\"caption\":\"Party Parts\"},\"image\":{\"@id\":\"http:\/\/partyparts.eu\/es\/#\/schema\/logo\/image\/\"},\"sameAs\":[\"https:\/\/www.facebook.com\/dPartyspass\",\"https:\/\/www.instagram.com\/partypartsmallorca_\/\"]}]}<\/script>\n<!-- \/ Yoast SEO plugin. -->","yoast_head_json":{"title":"Diversi\u00f3n de conducci\u00f3n el\u00e9crica - Party Parts","robots":{"index":"index","follow":"follow","max-snippet":"max-snippet:-1","max-image-preview":"max-image-preview:large","max-video-preview":"max-video-preview:-1"},"canonical":"http:\/\/partyparts.eu\/es\/rent\/electric-driving-fun\/","og_locale":"es_ES","og_type":"article","og_title":"Diversi\u00f3n de conducci\u00f3n el\u00e9crica - Party Parts","og_description":"Alquile diversi\u00f3n de conducci\u00f3n el\u00e9ctrica para ni\u00f1os &#8211; Mercedes, Audi y mucho m\u00e1s.","og_url":"http:\/\/partyparts.eu\/es\/rent\/electric-driving-fun\/","og_site_name":"Party Parts","article_publisher":"https:\/\/www.facebook.com\/dPartyspass","og_image":[{"width":1536,"height":2048,"url":"http:\/\/partyparts.eu\/wp-content\/uploads\/2023\/03\/Elektrischer-Fahrspass-mallorca.jpg","type":"image\/jpeg"}],"twitter_card":"summary_large_image","schema":{"@context":"https:\/\/schema.org","@graph":[{"@type":"WebPage","@id":"http:\/\/partyparts.eu\/es\/rent\/electric-driving-fun\/","url":"http:\/\/partyparts.eu\/es\/rent\/electric-driving-fun\/","name":"Diversi\u00f3n de conducci\u00f3n el\u00e9crica - Party Parts","isPartOf":{"@id":"http:\/\/partyparts.eu\/es\/#website"},"datePublished":"2023-03-19T08:36:15+00:00","dateModified":"2023-03-19T08:36:15+00:00","breadcrumb":{"@id":"http:\/\/partyparts.eu\/es\/rent\/electric-driving-fun\/#breadcrumb"},"inLanguage":"es","potentialAction":[{"@type":"ReadAction","target":["http:\/\/partyparts.eu\/es\/rent\/electric-driving-fun\/"]}]},{"@type":"BreadcrumbList","@id":"http:\/\/partyparts.eu\/es\/rent\/electric-driving-fun\/#breadcrumb","itemListElement":[{"@type":"ListItem","position":1,"name":"Startseite","item":"https:\/\/partyparts.eu\/es\/"},{"@type":"ListItem","position":2,"name":"Productos","item":"http:\/\/partyparts.eu\/es\/shop\/"},{"@type":"ListItem","position":3,"name":"Diversi\u00f3n de conducci\u00f3n el\u00e9crica"}]},{"@type":"WebSite","@id":"http:\/\/partyparts.eu\/es\/#website","url":"http:\/\/partyparts.eu\/es\/","name":"Party Parts","description":"Miete dir, was Spa\u00df bringt!","publisher":{"@id":"http:\/\/partyparts.eu\/es\/#organization"},"potentialAction":[{"@type":"SearchAction","target":{"@type":"EntryPoint","urlTemplate":"http:\/\/partyparts.eu\/es\/?s={search_term_string}"},"query-input":"required name=search_term_string"}],"inLanguage":"es"},{"@type":"Organization","@id":"http:\/\/partyparts.eu\/es\/#organization","name":"Party Parts","url":"http:\/\/partyparts.eu\/es\/","logo":{"@type":"ImageObject","inLanguage":"es","@id":"http:\/\/partyparts.eu\/es\/#\/schema\/logo\/image\/","url":"http:\/\/partyparts.eu\/wp-content\/uploads\/2023\/01\/cropped-Logo_neu_150-2.png","contentUrl":"http:\/\/partyparts.eu\/wp-content\/uploads\/2023\/01\/cropped-Logo_neu_150-2.png","width":150,"height":150,"caption":"Party Parts"},"image":{"@id":"http:\/\/partyparts.eu\/es\/#\/schema\/logo\/image\/"},"sameAs":["https:\/\/www.facebook.com\/dPartyspass","https:\/\/www.instagram.com\/partypartsmallorca_\/"]}]}},"_links":{"self":[{"href":"http:\/\/partyparts.eu\/es\/wp-json\/wp\/v2\/product\/4789"}],"collection":[{"href":"http:\/\/partyparts.eu\/es\/wp-json\/wp\/v2\/product"}],"about":[{"href":"http:\/\/partyparts.eu\/es\/wp-json\/wp\/v2\/types\/product"}],"wp:featuredmedia":[{"embeddable":true,"href":"http:\/\/partyparts.eu\/es\/wp-json\/wp\/v2\/media\/4786"}],"wp:attachment":[{"href":"http:\/\/partyparts.eu\/es\/wp-json\/wp\/v2\/media?parent=4789"}],"wp:term":[{"taxonomy":"product_cat","embeddable":true,"href":"http:\/\/partyparts.eu\/es\/wp-json\/wp\/v2\/product_cat?post=4789"},{"taxonomy":"product_tag","embeddable":true,"href":"http:\/\/partyparts.eu\/es\/wp-json\/wp\/v2\/product_tag?post=4789"}],"curies":[{"name":"wp","href":"https:\/\/api.w.org\/{rel}","templated":true}]}}