{"id":4852,"date":"2023-05-08T10:56:02","date_gmt":"2023-05-08T09:56:02","guid":{"rendered":"http:\/\/partyparts.eu\/?post_type=product&#038;p=4852"},"modified":"2023-05-08T12:04:13","modified_gmt":"2023-05-08T11:04:13","slug":"maquina-de-burbujas","status":"publish","type":"product","link":"http:\/\/partyparts.eu\/es\/rent\/maquina-de-burbujas\/","title":{"rendered":"M\u00e1quina de burbujas"},"content":{"rendered":"<p>Alquiler de m\u00e1quina de burbujas incl. Fluid: el \u00e9xito de todas las fiestas<\/p>\n<p>desde 50 \u20ac\/d\u00eda incl. Fluido<\/p>\n","protected":false},"excerpt":{"rendered":"<p>Alquiler de m\u00e1quina de burbujas incl. Fluid: el \u00e9xito de todas las fiestas desde 50 \u20ac\/d\u00eda incl. Fluido<\/p>\n","protected":false},"featured_media":4809,"template":"","meta":{"site-sidebar-layout":"default","site-content-layout":"default","ast-site-content-layout":"","site-content-style":"default","site-sidebar-style":"default","ast-global-header-display":"","ast-banner-title-visibility":"","ast-main-header-display":"","ast-hfb-above-header-display":"","ast-hfb-below-header-display":"","ast-hfb-mobile-header-display":"","site-post-title":"","ast-breadcrumbs-content":"","ast-featured-img":"","footer-sml-layout":"","theme-transparent-header-meta":"default","adv-header-id-meta":"","stick-header-meta":"","header-above-stick-meta":"","header-main-stick-meta":"","header-below-stick-meta":"","astra-migrate-meta-layouts":""},"product_cat":[57],"product_tag":[],"yoast_head":"<!-- This site is optimized with the Yoast SEO plugin v20.11 - https:\/\/yoast.com\/wordpress\/plugins\/seo\/ -->\n<title>M\u00e1quina de burbujas rent - Party Parts.<\/title>\n<meta name=\"description\" content=\"Alquile una m\u00e1quina de burbujas como complemento divertido para cualquier evento | fiesta infantil | PartyParts Mallorca - alquilar ahora\" \/>\n<meta name=\"robots\" content=\"index, follow, max-snippet:-1, max-image-preview:large, max-video-preview:-1\" \/>\n<link rel=\"canonical\" href=\"http:\/\/partyparts.eu\/es\/rent\/maquina-de-burbujas\/\" \/>\n<meta property=\"og:locale\" content=\"es_ES\" \/>\n<meta property=\"og:type\" content=\"article\" \/>\n<meta property=\"og:title\" content=\"M\u00e1quina de burbujas rent - Party Parts.\" \/>\n<meta property=\"og:description\" content=\"Alquile una m\u00e1quina de burbujas como complemento divertido para cualquier evento | fiesta infantil | PartyParts Mallorca - alquilar ahora\" \/>\n<meta property=\"og:url\" content=\"http:\/\/partyparts.eu\/es\/rent\/maquina-de-burbujas\/\" \/>\n<meta property=\"og:site_name\" content=\"Party Parts\" \/>\n<meta property=\"article:publisher\" content=\"https:\/\/www.facebook.com\/dPartyspass\" \/>\n<meta property=\"article:modified_time\" content=\"2023-05-08T11:04:13+00:00\" \/>\n<meta property=\"og:image\" content=\"http:\/\/partyparts.eu\/wp-content\/uploads\/2023\/05\/IMG_16311-scaled.jpg\" \/>\n\t<meta property=\"og:image:width\" content=\"2560\" \/>\n\t<meta property=\"og:image:height\" content=\"1707\" \/>\n\t<meta property=\"og:image:type\" content=\"image\/jpeg\" \/>\n<meta name=\"twitter:card\" content=\"summary_large_image\" \/>\n<meta name=\"twitter:label1\" content=\"Tiempo de lectura\" \/>\n\t<meta name=\"twitter:data1\" content=\"1 minuto\" \/>\n<script type=\"application\/ld+json\" class=\"yoast-schema-graph\">{\"@context\":\"https:\/\/schema.org\",\"@graph\":[{\"@type\":\"WebPage\",\"@id\":\"http:\/\/partyparts.eu\/es\/rent\/maquina-de-burbujas\/\",\"url\":\"http:\/\/partyparts.eu\/es\/rent\/maquina-de-burbujas\/\",\"name\":\"M\u00e1quina de burbujas rent - Party Parts.\",\"isPartOf\":{\"@id\":\"http:\/\/partyparts.eu\/es\/#website\"},\"datePublished\":\"2023-05-08T09:56:02+00:00\",\"dateModified\":\"2023-05-08T11:04:13+00:00\",\"description\":\"Alquile una m\u00e1quina de burbujas como complemento divertido para cualquier evento | fiesta infantil | PartyParts Mallorca - alquilar ahora\",\"breadcrumb\":{\"@id\":\"http:\/\/partyparts.eu\/es\/rent\/maquina-de-burbujas\/#breadcrumb\"},\"inLanguage\":\"es\",\"potentialAction\":[{\"@type\":\"ReadAction\",\"target\":[\"http:\/\/partyparts.eu\/es\/rent\/maquina-de-burbujas\/\"]}]},{\"@type\":\"BreadcrumbList\",\"@id\":\"http:\/\/partyparts.eu\/es\/rent\/maquina-de-burbujas\/#breadcrumb\",\"itemListElement\":[{\"@type\":\"ListItem\",\"position\":1,\"name\":\"Startseite\",\"item\":\"http:\/\/partyparts.eu\/es\/\"},{\"@type\":\"ListItem\",\"position\":2,\"name\":\"Productos\",\"item\":\"http:\/\/partyparts.eu\/es\/shop\/\"},{\"@type\":\"ListItem\",\"position\":3,\"name\":\"M\u00e1quina de burbujas\"}]},{\"@type\":\"WebSite\",\"@id\":\"http:\/\/partyparts.eu\/es\/#website\",\"url\":\"http:\/\/partyparts.eu\/es\/\",\"name\":\"Party Parts\",\"description\":\"Miete dir, was Spa\u00df bringt!\",\"publisher\":{\"@id\":\"http:\/\/partyparts.eu\/es\/#organization\"},\"potentialAction\":[{\"@type\":\"SearchAction\",\"target\":{\"@type\":\"EntryPoint\",\"urlTemplate\":\"http:\/\/partyparts.eu\/es\/?s={search_term_string}\"},\"query-input\":\"required name=search_term_string\"}],\"inLanguage\":\"es\"},{\"@type\":\"Organization\",\"@id\":\"http:\/\/partyparts.eu\/es\/#organization\",\"name\":\"Party Parts\",\"url\":\"http:\/\/partyparts.eu\/es\/\",\"logo\":{\"@type\":\"ImageObject\",\"inLanguage\":\"es\",\"@id\":\"http:\/\/partyparts.eu\/es\/#\/schema\/logo\/image\/\",\"url\":\"http:\/\/partyparts.eu\/wp-content\/uploads\/2023\/01\/cropped-Logo_neu_150-2.png\",\"contentUrl\":\"http:\/\/partyparts.eu\/wp-content\/uploads\/2023\/01\/cropped-Logo_neu_150-2.png\",\"width\":150,\"height\":150,\"caption\":\"Party Parts\"},\"image\":{\"@id\":\"http:\/\/partyparts.eu\/es\/#\/schema\/logo\/image\/\"},\"sameAs\":[\"https:\/\/www.facebook.com\/dPartyspass\",\"https:\/\/www.instagram.com\/partypartsmallorca_\/\"]}]}<\/script>\n<!-- \/ Yoast SEO plugin. -->","yoast_head_json":{"title":"M\u00e1quina de burbujas rent - Party Parts.","description":"Alquile una m\u00e1quina de burbujas como complemento divertido para cualquier evento | fiesta infantil | PartyParts Mallorca - alquilar ahora","robots":{"index":"index","follow":"follow","max-snippet":"max-snippet:-1","max-image-preview":"max-image-preview:large","max-video-preview":"max-video-preview:-1"},"canonical":"http:\/\/partyparts.eu\/es\/rent\/maquina-de-burbujas\/","og_locale":"es_ES","og_type":"article","og_title":"M\u00e1quina de burbujas rent - Party Parts.","og_description":"Alquile una m\u00e1quina de burbujas como complemento divertido para cualquier evento | fiesta infantil | PartyParts Mallorca - alquilar ahora","og_url":"http:\/\/partyparts.eu\/es\/rent\/maquina-de-burbujas\/","og_site_name":"Party Parts","article_publisher":"https:\/\/www.facebook.com\/dPartyspass","article_modified_time":"2023-05-08T11:04:13+00:00","og_image":[{"width":2560,"height":1707,"url":"http:\/\/partyparts.eu\/wp-content\/uploads\/2023\/05\/IMG_16311-scaled.jpg","type":"image\/jpeg"}],"twitter_card":"summary_large_image","twitter_misc":{"Tiempo de lectura":"1 minuto"},"schema":{"@context":"https:\/\/schema.org","@graph":[{"@type":"WebPage","@id":"http:\/\/partyparts.eu\/es\/rent\/maquina-de-burbujas\/","url":"http:\/\/partyparts.eu\/es\/rent\/maquina-de-burbujas\/","name":"M\u00e1quina de burbujas rent - Party Parts.","isPartOf":{"@id":"http:\/\/partyparts.eu\/es\/#website"},"datePublished":"2023-05-08T09:56:02+00:00","dateModified":"2023-05-08T11:04:13+00:00","description":"Alquile una m\u00e1quina de burbujas como complemento divertido para cualquier evento | fiesta infantil | PartyParts Mallorca - alquilar ahora","breadcrumb":{"@id":"http:\/\/partyparts.eu\/es\/rent\/maquina-de-burbujas\/#breadcrumb"},"inLanguage":"es","potentialAction":[{"@type":"ReadAction","target":["http:\/\/partyparts.eu\/es\/rent\/maquina-de-burbujas\/"]}]},{"@type":"BreadcrumbList","@id":"http:\/\/partyparts.eu\/es\/rent\/maquina-de-burbujas\/#breadcrumb","itemListElement":[{"@type":"ListItem","position":1,"name":"Startseite","item":"http:\/\/partyparts.eu\/es\/"},{"@type":"ListItem","position":2,"name":"Productos","item":"http:\/\/partyparts.eu\/es\/shop\/"},{"@type":"ListItem","position":3,"name":"M\u00e1quina de burbujas"}]},{"@type":"WebSite","@id":"http:\/\/partyparts.eu\/es\/#website","url":"http:\/\/partyparts.eu\/es\/","name":"Party Parts","description":"Miete dir, was Spa\u00df bringt!","publisher":{"@id":"http:\/\/partyparts.eu\/es\/#organization"},"potentialAction":[{"@type":"SearchAction","target":{"@type":"EntryPoint","urlTemplate":"http:\/\/partyparts.eu\/es\/?s={search_term_string}"},"query-input":"required name=search_term_string"}],"inLanguage":"es"},{"@type":"Organization","@id":"http:\/\/partyparts.eu\/es\/#organization","name":"Party Parts","url":"http:\/\/partyparts.eu\/es\/","logo":{"@type":"ImageObject","inLanguage":"es","@id":"http:\/\/partyparts.eu\/es\/#\/schema\/logo\/image\/","url":"http:\/\/partyparts.eu\/wp-content\/uploads\/2023\/01\/cropped-Logo_neu_150-2.png","contentUrl":"http:\/\/partyparts.eu\/wp-content\/uploads\/2023\/01\/cropped-Logo_neu_150-2.png","width":150,"height":150,"caption":"Party Parts"},"image":{"@id":"http:\/\/partyparts.eu\/es\/#\/schema\/logo\/image\/"},"sameAs":["https:\/\/www.facebook.com\/dPartyspass","https:\/\/www.instagram.com\/partypartsmallorca_\/"]}]}},"_links":{"self":[{"href":"http:\/\/partyparts.eu\/es\/wp-json\/wp\/v2\/product\/4852"}],"collection":[{"href":"http:\/\/partyparts.eu\/es\/wp-json\/wp\/v2\/product"}],"about":[{"href":"http:\/\/partyparts.eu\/es\/wp-json\/wp\/v2\/types\/product"}],"wp:featuredmedia":[{"embeddable":true,"href":"http:\/\/partyparts.eu\/es\/wp-json\/wp\/v2\/media\/4809"}],"wp:attachment":[{"href":"http:\/\/partyparts.eu\/es\/wp-json\/wp\/v2\/media?parent=4852"}],"wp:term":[{"taxonomy":"product_cat","embeddable":true,"href":"http:\/\/partyparts.eu\/es\/wp-json\/wp\/v2\/product_cat?post=4852"},{"taxonomy":"product_tag","embeddable":true,"href":"http:\/\/partyparts.eu\/es\/wp-json\/wp\/v2\/product_tag?post=4852"}],"curies":[{"name":"wp","href":"https:\/\/api.w.org\/{rel}","templated":true}]}}