{"id":4948,"date":"2023-08-01T13:29:16","date_gmt":"2023-08-01T12:29:16","guid":{"rendered":"http:\/\/partyparts.eu\/?post_type=product&#038;p=4948"},"modified":"2023-08-01T13:29:43","modified_gmt":"2023-08-01T12:29:43","slug":"e-scooter-zum-mieten","status":"publish","type":"product","link":"http:\/\/partyparts.eu\/es\/rent\/e-scooter-zum-mieten\/","title":{"rendered":"E-Scooter zum mieten"},"content":{"rendered":"<p>Entdecken Sie die Freiheit der Fortbewegung in Cala Millor mit unserem eScooter-Mietservice. Mieten Sie bequem und unkompliziert einen eScooter und erkunden Sie die wundersch\u00f6ne Umgebung auf umweltfreundliche Weise. Genie\u00dfen Sie die Leichtigkeit der Mobilit\u00e4t und erleben Sie unvergessliche Ausfl\u00fcge entlang der K\u00fcste von Cala Millor.<\/p>\n","protected":false},"excerpt":{"rendered":"<p>Miete dir deinen Escooterspa\u00df ab 10\u20ac\/h oder f\u00fcr den ganzen Tag<\/p>\n<p>Mindestalter ist 16 Jahre in Begleitung eines Erwachsenen oder ab 18 Jahren alleine.<\/p>\n<p>&nbsp;<\/p>\n","protected":false},"featured_media":4949,"template":"","meta":{"site-sidebar-layout":"default","site-content-layout":"default","ast-site-content-layout":"","site-content-style":"default","site-sidebar-style":"default","ast-global-header-display":"","ast-banner-title-visibility":"","ast-main-header-display":"","ast-hfb-above-header-display":"","ast-hfb-below-header-display":"","ast-hfb-mobile-header-display":"","site-post-title":"","ast-breadcrumbs-content":"","ast-featured-img":"","footer-sml-layout":"","theme-transparent-header-meta":"default","adv-header-id-meta":"","stick-header-meta":"","header-above-stick-meta":"","header-main-stick-meta":"","header-below-stick-meta":"","astra-migrate-meta-layouts":""},"product_cat":[46],"product_tag":[],"yoast_head":"<!-- This site is optimized with the Yoast SEO plugin v20.11 - https:\/\/yoast.com\/wordpress\/plugins\/seo\/ -->\n<title>E-Scooter zum mieten - Party Parts<\/title>\n<meta name=\"description\" content=\"Entdecken Sie die Freiheit der Fortbewegung in Cala Millor mit unserem eScooter-Mietservice. Genie\u00dfen Sie die Leichtigkeit der Mobilit\u00e4t und erleben Sie unvergessliche Ausfl\u00fcge entlang der K\u00fcste von Cala Millor.\" \/>\n<meta name=\"robots\" content=\"index, follow, max-snippet:-1, max-image-preview:large, max-video-preview:-1\" \/>\n<link rel=\"canonical\" href=\"http:\/\/partyparts.eu\/es\/rent\/e-scooter-zum-mieten\/\" \/>\n<meta property=\"og:locale\" content=\"es_ES\" \/>\n<meta property=\"og:type\" content=\"article\" \/>\n<meta property=\"og:title\" content=\"E-Scooter zum mieten - Party Parts\" \/>\n<meta property=\"og:description\" content=\"Entdecken Sie die Freiheit der Fortbewegung in Cala Millor mit unserem eScooter-Mietservice. Genie\u00dfen Sie die Leichtigkeit der Mobilit\u00e4t und erleben Sie unvergessliche Ausfl\u00fcge entlang der K\u00fcste von Cala Millor.\" \/>\n<meta property=\"og:url\" content=\"http:\/\/partyparts.eu\/es\/rent\/e-scooter-zum-mieten\/\" \/>\n<meta property=\"og:site_name\" content=\"Party Parts\" \/>\n<meta property=\"article:publisher\" content=\"https:\/\/www.facebook.com\/dPartyspass\" \/>\n<meta property=\"article:modified_time\" content=\"2023-08-01T12:29:43+00:00\" \/>\n<meta property=\"og:image\" content=\"https:\/\/partyparts.eu\/wp-content\/uploads\/2023\/08\/IMG-20230801-WA0008.jpg\" \/>\n\t<meta property=\"og:image:width\" content=\"900\" \/>\n\t<meta property=\"og:image:height\" content=\"1600\" \/>\n\t<meta property=\"og:image:type\" content=\"image\/jpeg\" \/>\n<meta name=\"twitter:card\" content=\"summary_large_image\" \/>\n<meta name=\"twitter:label1\" content=\"Tiempo de lectura\" \/>\n\t<meta name=\"twitter:data1\" content=\"1 minuto\" \/>\n<script type=\"application\/ld+json\" class=\"yoast-schema-graph\">{\"@context\":\"https:\/\/schema.org\",\"@graph\":[{\"@type\":\"WebPage\",\"@id\":\"http:\/\/partyparts.eu\/es\/rent\/e-scooter-zum-mieten\/\",\"url\":\"http:\/\/partyparts.eu\/es\/rent\/e-scooter-zum-mieten\/\",\"name\":\"E-Scooter zum mieten - Party Parts\",\"isPartOf\":{\"@id\":\"https:\/\/partyparts.eu\/es\/#website\"},\"datePublished\":\"2023-08-01T12:29:16+00:00\",\"dateModified\":\"2023-08-01T12:29:43+00:00\",\"description\":\"Entdecken Sie die Freiheit der Fortbewegung in Cala Millor mit unserem eScooter-Mietservice. Genie\u00dfen Sie die Leichtigkeit der Mobilit\u00e4t und erleben Sie unvergessliche Ausfl\u00fcge entlang der K\u00fcste von Cala Millor.\",\"breadcrumb\":{\"@id\":\"http:\/\/partyparts.eu\/es\/rent\/e-scooter-zum-mieten\/#breadcrumb\"},\"inLanguage\":\"es\",\"potentialAction\":[{\"@type\":\"ReadAction\",\"target\":[\"http:\/\/partyparts.eu\/es\/rent\/e-scooter-zum-mieten\/\"]}]},{\"@type\":\"BreadcrumbList\",\"@id\":\"http:\/\/partyparts.eu\/es\/rent\/e-scooter-zum-mieten\/#breadcrumb\",\"itemListElement\":[{\"@type\":\"ListItem\",\"position\":1,\"name\":\"Startseite\",\"item\":\"https:\/\/partyparts.eu\/es\/\"},{\"@type\":\"ListItem\",\"position\":2,\"name\":\"Productos\",\"item\":\"http:\/\/partyparts.eu\/es\/shop\/\"},{\"@type\":\"ListItem\",\"position\":3,\"name\":\"E-Scooter zum mieten\"}]},{\"@type\":\"WebSite\",\"@id\":\"https:\/\/partyparts.eu\/es\/#website\",\"url\":\"https:\/\/partyparts.eu\/es\/\",\"name\":\"Party Parts\",\"description\":\"Miete dir, was Spa\u00df bringt!\",\"publisher\":{\"@id\":\"https:\/\/partyparts.eu\/es\/#organization\"},\"potentialAction\":[{\"@type\":\"SearchAction\",\"target\":{\"@type\":\"EntryPoint\",\"urlTemplate\":\"https:\/\/partyparts.eu\/es\/?s={search_term_string}\"},\"query-input\":\"required name=search_term_string\"}],\"inLanguage\":\"es\"},{\"@type\":\"Organization\",\"@id\":\"https:\/\/partyparts.eu\/es\/#organization\",\"name\":\"Party Parts\",\"url\":\"https:\/\/partyparts.eu\/es\/\",\"logo\":{\"@type\":\"ImageObject\",\"inLanguage\":\"es\",\"@id\":\"https:\/\/partyparts.eu\/es\/#\/schema\/logo\/image\/\",\"url\":\"http:\/\/partyparts.eu\/wp-content\/uploads\/2023\/01\/cropped-Logo_neu_150-2.png\",\"contentUrl\":\"http:\/\/partyparts.eu\/wp-content\/uploads\/2023\/01\/cropped-Logo_neu_150-2.png\",\"width\":150,\"height\":150,\"caption\":\"Party Parts\"},\"image\":{\"@id\":\"https:\/\/partyparts.eu\/es\/#\/schema\/logo\/image\/\"},\"sameAs\":[\"https:\/\/www.facebook.com\/dPartyspass\",\"https:\/\/www.instagram.com\/partypartsmallorca_\/\"]}]}<\/script>\n<!-- \/ Yoast SEO plugin. -->","yoast_head_json":{"title":"E-Scooter zum mieten - Party Parts","description":"Entdecken Sie die Freiheit der Fortbewegung in Cala Millor mit unserem eScooter-Mietservice. Genie\u00dfen Sie die Leichtigkeit der Mobilit\u00e4t und erleben Sie unvergessliche Ausfl\u00fcge entlang der K\u00fcste von Cala Millor.","robots":{"index":"index","follow":"follow","max-snippet":"max-snippet:-1","max-image-preview":"max-image-preview:large","max-video-preview":"max-video-preview:-1"},"canonical":"http:\/\/partyparts.eu\/es\/rent\/e-scooter-zum-mieten\/","og_locale":"es_ES","og_type":"article","og_title":"E-Scooter zum mieten - Party Parts","og_description":"Entdecken Sie die Freiheit der Fortbewegung in Cala Millor mit unserem eScooter-Mietservice. Genie\u00dfen Sie die Leichtigkeit der Mobilit\u00e4t und erleben Sie unvergessliche Ausfl\u00fcge entlang der K\u00fcste von Cala Millor.","og_url":"http:\/\/partyparts.eu\/es\/rent\/e-scooter-zum-mieten\/","og_site_name":"Party Parts","article_publisher":"https:\/\/www.facebook.com\/dPartyspass","article_modified_time":"2023-08-01T12:29:43+00:00","og_image":[{"width":900,"height":1600,"url":"https:\/\/partyparts.eu\/wp-content\/uploads\/2023\/08\/IMG-20230801-WA0008.jpg","type":"image\/jpeg"}],"twitter_card":"summary_large_image","twitter_misc":{"Tiempo de lectura":"1 minuto"},"schema":{"@context":"https:\/\/schema.org","@graph":[{"@type":"WebPage","@id":"http:\/\/partyparts.eu\/es\/rent\/e-scooter-zum-mieten\/","url":"http:\/\/partyparts.eu\/es\/rent\/e-scooter-zum-mieten\/","name":"E-Scooter zum mieten - Party Parts","isPartOf":{"@id":"https:\/\/partyparts.eu\/es\/#website"},"datePublished":"2023-08-01T12:29:16+00:00","dateModified":"2023-08-01T12:29:43+00:00","description":"Entdecken Sie die Freiheit der Fortbewegung in Cala Millor mit unserem eScooter-Mietservice. Genie\u00dfen Sie die Leichtigkeit der Mobilit\u00e4t und erleben Sie unvergessliche Ausfl\u00fcge entlang der K\u00fcste von Cala Millor.","breadcrumb":{"@id":"http:\/\/partyparts.eu\/es\/rent\/e-scooter-zum-mieten\/#breadcrumb"},"inLanguage":"es","potentialAction":[{"@type":"ReadAction","target":["http:\/\/partyparts.eu\/es\/rent\/e-scooter-zum-mieten\/"]}]},{"@type":"BreadcrumbList","@id":"http:\/\/partyparts.eu\/es\/rent\/e-scooter-zum-mieten\/#breadcrumb","itemListElement":[{"@type":"ListItem","position":1,"name":"Startseite","item":"https:\/\/partyparts.eu\/es\/"},{"@type":"ListItem","position":2,"name":"Productos","item":"http:\/\/partyparts.eu\/es\/shop\/"},{"@type":"ListItem","position":3,"name":"E-Scooter zum mieten"}]},{"@type":"WebSite","@id":"https:\/\/partyparts.eu\/es\/#website","url":"https:\/\/partyparts.eu\/es\/","name":"Party Parts","description":"Miete dir, was Spa\u00df bringt!","publisher":{"@id":"https:\/\/partyparts.eu\/es\/#organization"},"potentialAction":[{"@type":"SearchAction","target":{"@type":"EntryPoint","urlTemplate":"https:\/\/partyparts.eu\/es\/?s={search_term_string}"},"query-input":"required name=search_term_string"}],"inLanguage":"es"},{"@type":"Organization","@id":"https:\/\/partyparts.eu\/es\/#organization","name":"Party Parts","url":"https:\/\/partyparts.eu\/es\/","logo":{"@type":"ImageObject","inLanguage":"es","@id":"https:\/\/partyparts.eu\/es\/#\/schema\/logo\/image\/","url":"http:\/\/partyparts.eu\/wp-content\/uploads\/2023\/01\/cropped-Logo_neu_150-2.png","contentUrl":"http:\/\/partyparts.eu\/wp-content\/uploads\/2023\/01\/cropped-Logo_neu_150-2.png","width":150,"height":150,"caption":"Party Parts"},"image":{"@id":"https:\/\/partyparts.eu\/es\/#\/schema\/logo\/image\/"},"sameAs":["https:\/\/www.facebook.com\/dPartyspass","https:\/\/www.instagram.com\/partypartsmallorca_\/"]}]}},"_links":{"self":[{"href":"http:\/\/partyparts.eu\/es\/wp-json\/wp\/v2\/product\/4948"}],"collection":[{"href":"http:\/\/partyparts.eu\/es\/wp-json\/wp\/v2\/product"}],"about":[{"href":"http:\/\/partyparts.eu\/es\/wp-json\/wp\/v2\/types\/product"}],"wp:featuredmedia":[{"embeddable":true,"href":"http:\/\/partyparts.eu\/es\/wp-json\/wp\/v2\/media\/4949"}],"wp:attachment":[{"href":"http:\/\/partyparts.eu\/es\/wp-json\/wp\/v2\/media?parent=4948"}],"wp:term":[{"taxonomy":"product_cat","embeddable":true,"href":"http:\/\/partyparts.eu\/es\/wp-json\/wp\/v2\/product_cat?post=4948"},{"taxonomy":"product_tag","embeddable":true,"href":"http:\/\/partyparts.eu\/es\/wp-json\/wp\/v2\/product_tag?post=4948"}],"curies":[{"name":"wp","href":"https:\/\/api.w.org\/{rel}","templated":true}]}}