{"id":4018,"date":"2022-05-07T20:41:30","date_gmt":"2022-05-07T19:41:30","guid":{"rendered":"http:\/\/partyparts.eu\/imprint\/"},"modified":"2023-03-01T17:28:48","modified_gmt":"2023-03-01T16:28:48","slug":"imprint","status":"publish","type":"page","link":"https:\/\/partyparts.eu\/en\/imprint\/","title":{"rendered":"Imprint"},"content":{"rendered":"\t\t<div data-elementor-type=\"wp-page\" data-elementor-id=\"4018\" class=\"elementor elementor-4018 elementor-3\" data-elementor-post-type=\"page\">\n\t\t\t\t\t\t\t\t\t<section class=\"elementor-section elementor-top-section elementor-element elementor-element-6e1412c8 elementor-section-boxed elementor-section-height-default elementor-section-height-default\" data-id=\"6e1412c8\" data-element_type=\"section\">\n\t\t\t\t\t\t<div class=\"elementor-container elementor-column-gap-default\">\n\t\t\t\t\t<div class=\"elementor-column elementor-col-100 elementor-top-column elementor-element elementor-element-1704421c\" data-id=\"1704421c\" data-element_type=\"column\">\n\t\t\t<div class=\"elementor-widget-wrap elementor-element-populated\">\n\t\t\t\t\t\t\t\t<div class=\"elementor-element elementor-element-55e44858 elementor-widget elementor-widget-text-editor\" data-id=\"55e44858\" data-element_type=\"widget\" data-widget_type=\"text-editor.default\">\n\t\t\t\t<div class=\"elementor-widget-container\">\n\t\t\t<style>\/*! elementor - v3.16.0 - 20-09-2023 *\/\n.elementor-widget-text-editor.elementor-drop-cap-view-stacked .elementor-drop-cap{background-color:#69727d;color:#fff}.elementor-widget-text-editor.elementor-drop-cap-view-framed .elementor-drop-cap{color:#69727d;border:3px solid;background-color:transparent}.elementor-widget-text-editor:not(.elementor-drop-cap-view-default) .elementor-drop-cap{margin-top:8px}.elementor-widget-text-editor:not(.elementor-drop-cap-view-default) .elementor-drop-cap-letter{width:1em;height:1em}.elementor-widget-text-editor .elementor-drop-cap{float:left;text-align:center;line-height:1;font-size:50px}.elementor-widget-text-editor .elementor-drop-cap-letter{display:inline-block}<\/style>\t\t\t\t<header class=\"entry-header\"><\/header>\n<div class=\"entry-content\">\n<header class=\"entry-header\"><\/header>\n<div class=\"entry-content\">\n<p><span style=\"font-size: 2em; font-weight: bold;\">Information according to 35 TMG<\/span><\/p>\n<\/div>\n<p>Dennis Schadly<\/p>\n<p><strong>GERMANY<\/strong><br \/>PartyParts der Partyspa\u00df<br \/>Berliner Stra\u00dfe 18<br \/>15746 Gro\u00df K\u00f6ris<\/p>\n<p>PartyParts der Partyspa\u00df<br \/>Lindenstra\u00dfe 38A<br \/>15757 Halbe<\/p>\n<\/div>\n<p>PartyParts der Partyspa\u00df<br \/>Rubusweg 6<br \/>12524 Berlin Altglienicke<\/p>\n<p>PartyParts der Partyspa\u00df<br \/>Berliner Stra\u00dfe 18<br \/>15746 Gro\u00df K\u00f6ris<\/p>\n<\/p>\n<p class=\"entry-content\"><strong>Contact<\/strong><\/p>\n<div class=\"entry-content\">\n<p>Phone: +49 33766 219831<br \/>Mobile: +49 1707039208<br \/>E-mail: info@partyparts.de<\/p>\n<p><strong>Sales tax ID<\/strong><\/p>\n<p>Sales tax identification number according to \u00a7 27 a Umsatzsteuergesetz:<br \/>DE258878758<\/p>\n<\/p>\n<p><strong>PartyParts MALLORCA<\/strong><\/p>\n<p>PartyParts der Partyspa\u00df<br \/>Carrer de na Penyal 24 Local D<\/p>\n<p>07560 Cala Millor<\/p>\n<p>PartyParts der Partyspa\u00df<br \/>Carrer de la Violetta 17a 07559 Cala Bona<\/p>\n<p>Tel: +34 658 783 306<br \/>N.I.E Y6360423-V<\/p>\n<\/p>\n<p><strong>Responsible for the content according to \u00a7 55 para. 2 RStV<\/strong><\/p>\n<p>Dennis Schadly<\/p>\n<p><strong>EU Dispute Resolution<\/strong><\/p>\n<p>The European Commission provides a platform for online dispute resolution (ODR): <a href=\"https:\/\/ec.europa.eu\/consumers\/odr\" target=\"_blank\" rel=\"noopener noreferrer\">https:\/\/ec.europa.eu\/consumers\/odr.<\/a><br \/>You can find our e-mail address in the imprint above.<\/p>\n<p><strong>Consumer dispute resolution\/universal arbitration board<\/strong><\/p>\n<p>We are not willing or obliged to participate in dispute resolution proceedings before a consumer arbitration board.<\/p>\n<\/p>\n<p><strong>Liability for contents<\/strong><\/p>\n<p>As a service provider, we are, in accordance with \u00a7 7 para.1 TMG is responsible for its own content on these pages under the general laws. According to \u00a7\u00a7 8 to 10 TMG, however, we are not obligated as a service provider to monitor transmitted or stored third-party information or to investigate circumstances that indicate illegal activity.<\/p>\n<p>Obligations to remove or block the use of information in accordance with general laws remain unaffected. However, liability in this regard is only possible from the time of knowledge of a concrete infringement. If we become aware of any such infringements, we will remove the content in question immediately.<\/p>\n<\/p>\n<p><strong>Liability for links<\/strong><\/p>\n<p>Our offer contains links to external websites of third parties, on whose contents we have no influence. Therefore, we cannot assume any liability for these external contents. The respective provider or operator of the pages is always responsible for the content of the linked pages. The linked pages were checked for possible legal violations at the time of linking. Illegal contents were not recognizable at the time of linking.<\/p>\n<p>However, a permanent control of the contents of the linked pages is not reasonable without concrete evidence of a violation of the law. If we become aware of any infringements of the law, we will remove such links immediately.<\/p>\n<h3>Copyright<\/h3>\n<p>The contents and works created by the site operators on these pages are subject to German copyright law. Duplication, processing, distribution, or any form of commercialization of such material beyond the scope of the copyright law shall require the prior written consent of its respective author or creator. Downloads and copies of this page are only permitted for private, non-commercial use.<\/p>\n<p>Insofar as the content on this page was not created by the operator, the copyrights of third parties are respected. In particular, third-party content is identified as such. Should you nevertheless become aware of a copyright infringement, please inform us accordingly. If we become aware of any infringements, we will remove such content immediately.<\/p>\n<\/div>\n\t\t\t\t\t\t<\/div>\n\t\t\t\t<\/div>\n\t\t\t\t\t<\/div>\n\t\t<\/div>\n\t\t\t\t\t\t\t<\/div>\n\t\t<\/section>\n\t\t\t\t\t\t\t<\/div>\n\t\t","protected":false},"excerpt":{"rendered":"<p>Information according to 35 TMG Dennis Schadly GERMANYPartyParts der Partyspa\u00dfBerliner Stra\u00dfe 1815746 Gro\u00df K\u00f6ris PartyParts der Partyspa\u00dfLindenstra\u00dfe 38A15757 Halbe PartyParts der Partyspa\u00dfRubusweg 612524 Berlin Altglienicke PartyParts der Partyspa\u00dfBerliner Stra\u00dfe 1815746 Gro\u00df K\u00f6ris Contact Phone: +49 33766 219831Mobile: +49 1707039208E-mail: info@partyparts.de Sales tax ID Sales tax identification number according to \u00a7 27 a Umsatzsteuergesetz:DE258878758 PartyParts MALLORCA &hellip;<\/p>\n<p class=\"read-more\"> <a class=\"\" href=\"https:\/\/partyparts.eu\/en\/imprint\/\"> <span class=\"screen-reader-text\">Imprint<\/span> Read More \u00bb<\/a><\/p>\n","protected":false},"author":1,"featured_media":0,"parent":0,"menu_order":0,"comment_status":"closed","ping_status":"closed","template":"","meta":{"site-sidebar-layout":"default","site-content-layout":"","ast-site-content-layout":"","site-content-style":"default","site-sidebar-style":"default","ast-global-header-display":"","ast-banner-title-visibility":"","ast-main-header-display":"","ast-hfb-above-header-display":"","ast-hfb-below-header-display":"","ast-hfb-mobile-header-display":"","site-post-title":"","ast-breadcrumbs-content":"","ast-featured-img":"","footer-sml-layout":"","theme-transparent-header-meta":"","adv-header-id-meta":"","stick-header-meta":"","header-above-stick-meta":"","header-main-stick-meta":"","header-below-stick-meta":"","astra-migrate-meta-layouts":"","footnotes":""},"yoast_head":"<!-- This site is optimized with the Yoast SEO plugin v20.11 - https:\/\/yoast.com\/wordpress\/plugins\/seo\/ -->\n<title>Imprint - Party Parts<\/title>\n<meta name=\"robots\" content=\"noindex, follow\" \/>\n<meta property=\"og:locale\" content=\"en_US\" \/>\n<meta property=\"og:type\" content=\"article\" \/>\n<meta property=\"og:title\" content=\"Imprint - Party Parts\" \/>\n<meta property=\"og:description\" content=\"Information according to 35 TMG Dennis Schadly GERMANYPartyParts der Partyspa\u00dfBerliner Stra\u00dfe 1815746 Gro\u00df K\u00f6ris PartyParts der Partyspa\u00dfLindenstra\u00dfe 38A15757 Halbe PartyParts der Partyspa\u00dfRubusweg 612524 Berlin Altglienicke PartyParts der Partyspa\u00dfBerliner Stra\u00dfe 1815746 Gro\u00df K\u00f6ris Contact Phone: +49 33766 219831Mobile: +49 1707039208E-mail: info@partyparts.de Sales tax ID Sales tax identification number according to \u00a7 27 a Umsatzsteuergesetz:DE258878758 PartyParts MALLORCA &hellip; Imprint Read More \u00bb\" \/>\n<meta property=\"og:url\" content=\"https:\/\/partyparts.eu\/en\/imprint\/\" \/>\n<meta property=\"og:site_name\" content=\"Party Parts\" \/>\n<meta property=\"article:publisher\" content=\"https:\/\/www.facebook.com\/dPartyspass\" \/>\n<meta property=\"article:modified_time\" content=\"2023-03-01T16:28:48+00:00\" \/>\n<meta name=\"twitter:card\" content=\"summary_large_image\" \/>\n<meta name=\"twitter:label1\" content=\"Est. reading time\" \/>\n\t<meta name=\"twitter:data1\" content=\"2 minutes\" \/>\n<script type=\"application\/ld+json\" class=\"yoast-schema-graph\">{\"@context\":\"https:\/\/schema.org\",\"@graph\":[{\"@type\":\"WebPage\",\"@id\":\"https:\/\/partyparts.eu\/en\/imprint\/\",\"url\":\"https:\/\/partyparts.eu\/en\/imprint\/\",\"name\":\"Imprint - Party Parts\",\"isPartOf\":{\"@id\":\"http:\/\/partyparts.eu\/en\/#website\"},\"datePublished\":\"2022-05-07T19:41:30+00:00\",\"dateModified\":\"2023-03-01T16:28:48+00:00\",\"breadcrumb\":{\"@id\":\"https:\/\/partyparts.eu\/en\/imprint\/#breadcrumb\"},\"inLanguage\":\"en-US\",\"potentialAction\":[{\"@type\":\"ReadAction\",\"target\":[\"https:\/\/partyparts.eu\/en\/imprint\/\"]}]},{\"@type\":\"BreadcrumbList\",\"@id\":\"https:\/\/partyparts.eu\/en\/imprint\/#breadcrumb\",\"itemListElement\":[{\"@type\":\"ListItem\",\"position\":1,\"name\":\"Startseite\",\"item\":\"http:\/\/partyparts.eu\/en\/\"},{\"@type\":\"ListItem\",\"position\":2,\"name\":\"Imprint\"}]},{\"@type\":\"WebSite\",\"@id\":\"http:\/\/partyparts.eu\/en\/#website\",\"url\":\"http:\/\/partyparts.eu\/en\/\",\"name\":\"Party Parts\",\"description\":\"Miete dir, was Spa\u00df bringt!\",\"publisher\":{\"@id\":\"http:\/\/partyparts.eu\/en\/#organization\"},\"potentialAction\":[{\"@type\":\"SearchAction\",\"target\":{\"@type\":\"EntryPoint\",\"urlTemplate\":\"http:\/\/partyparts.eu\/en\/?s={search_term_string}\"},\"query-input\":\"required name=search_term_string\"}],\"inLanguage\":\"en-US\"},{\"@type\":\"Organization\",\"@id\":\"http:\/\/partyparts.eu\/en\/#organization\",\"name\":\"Party Parts\",\"url\":\"http:\/\/partyparts.eu\/en\/\",\"logo\":{\"@type\":\"ImageObject\",\"inLanguage\":\"en-US\",\"@id\":\"http:\/\/partyparts.eu\/en\/#\/schema\/logo\/image\/\",\"url\":\"https:\/\/partyparts.eu\/wp-content\/uploads\/2023\/01\/cropped-Logo_neu_150-2.png\",\"contentUrl\":\"https:\/\/partyparts.eu\/wp-content\/uploads\/2023\/01\/cropped-Logo_neu_150-2.png\",\"width\":150,\"height\":150,\"caption\":\"Party Parts\"},\"image\":{\"@id\":\"http:\/\/partyparts.eu\/en\/#\/schema\/logo\/image\/\"},\"sameAs\":[\"https:\/\/www.facebook.com\/dPartyspass\",\"https:\/\/www.instagram.com\/partypartsmallorca_\/\"]}]}<\/script>\n<!-- \/ Yoast SEO plugin. -->","yoast_head_json":{"title":"Imprint - Party Parts","robots":{"index":"noindex","follow":"follow"},"og_locale":"en_US","og_type":"article","og_title":"Imprint - Party Parts","og_description":"Information according to 35 TMG Dennis Schadly GERMANYPartyParts der Partyspa\u00dfBerliner Stra\u00dfe 1815746 Gro\u00df K\u00f6ris PartyParts der Partyspa\u00dfLindenstra\u00dfe 38A15757 Halbe PartyParts der Partyspa\u00dfRubusweg 612524 Berlin Altglienicke PartyParts der Partyspa\u00dfBerliner Stra\u00dfe 1815746 Gro\u00df K\u00f6ris Contact Phone: +49 33766 219831Mobile: +49 1707039208E-mail: info@partyparts.de Sales tax ID Sales tax identification number according to \u00a7 27 a Umsatzsteuergesetz:DE258878758 PartyParts MALLORCA &hellip; Imprint Read More \u00bb","og_url":"https:\/\/partyparts.eu\/en\/imprint\/","og_site_name":"Party Parts","article_publisher":"https:\/\/www.facebook.com\/dPartyspass","article_modified_time":"2023-03-01T16:28:48+00:00","twitter_card":"summary_large_image","twitter_misc":{"Est. reading time":"2 minutes"},"schema":{"@context":"https:\/\/schema.org","@graph":[{"@type":"WebPage","@id":"https:\/\/partyparts.eu\/en\/imprint\/","url":"https:\/\/partyparts.eu\/en\/imprint\/","name":"Imprint - Party Parts","isPartOf":{"@id":"http:\/\/partyparts.eu\/en\/#website"},"datePublished":"2022-05-07T19:41:30+00:00","dateModified":"2023-03-01T16:28:48+00:00","breadcrumb":{"@id":"https:\/\/partyparts.eu\/en\/imprint\/#breadcrumb"},"inLanguage":"en-US","potentialAction":[{"@type":"ReadAction","target":["https:\/\/partyparts.eu\/en\/imprint\/"]}]},{"@type":"BreadcrumbList","@id":"https:\/\/partyparts.eu\/en\/imprint\/#breadcrumb","itemListElement":[{"@type":"ListItem","position":1,"name":"Startseite","item":"http:\/\/partyparts.eu\/en\/"},{"@type":"ListItem","position":2,"name":"Imprint"}]},{"@type":"WebSite","@id":"http:\/\/partyparts.eu\/en\/#website","url":"http:\/\/partyparts.eu\/en\/","name":"Party Parts","description":"Miete dir, was Spa\u00df bringt!","publisher":{"@id":"http:\/\/partyparts.eu\/en\/#organization"},"potentialAction":[{"@type":"SearchAction","target":{"@type":"EntryPoint","urlTemplate":"http:\/\/partyparts.eu\/en\/?s={search_term_string}"},"query-input":"required name=search_term_string"}],"inLanguage":"en-US"},{"@type":"Organization","@id":"http:\/\/partyparts.eu\/en\/#organization","name":"Party Parts","url":"http:\/\/partyparts.eu\/en\/","logo":{"@type":"ImageObject","inLanguage":"en-US","@id":"http:\/\/partyparts.eu\/en\/#\/schema\/logo\/image\/","url":"https:\/\/partyparts.eu\/wp-content\/uploads\/2023\/01\/cropped-Logo_neu_150-2.png","contentUrl":"https:\/\/partyparts.eu\/wp-content\/uploads\/2023\/01\/cropped-Logo_neu_150-2.png","width":150,"height":150,"caption":"Party Parts"},"image":{"@id":"http:\/\/partyparts.eu\/en\/#\/schema\/logo\/image\/"},"sameAs":["https:\/\/www.facebook.com\/dPartyspass","https:\/\/www.instagram.com\/partypartsmallorca_\/"]}]}},"_links":{"self":[{"href":"https:\/\/partyparts.eu\/en\/wp-json\/wp\/v2\/pages\/4018"}],"collection":[{"href":"https:\/\/partyparts.eu\/en\/wp-json\/wp\/v2\/pages"}],"about":[{"href":"https:\/\/partyparts.eu\/en\/wp-json\/wp\/v2\/types\/page"}],"author":[{"embeddable":true,"href":"https:\/\/partyparts.eu\/en\/wp-json\/wp\/v2\/users\/1"}],"replies":[{"embeddable":true,"href":"https:\/\/partyparts.eu\/en\/wp-json\/wp\/v2\/comments?post=4018"}],"version-history":[{"count":1,"href":"https:\/\/partyparts.eu\/en\/wp-json\/wp\/v2\/pages\/4018\/revisions"}],"predecessor-version":[{"id":4019,"href":"https:\/\/partyparts.eu\/en\/wp-json\/wp\/v2\/pages\/4018\/revisions\/4019"}],"wp:attachment":[{"href":"https:\/\/partyparts.eu\/en\/wp-json\/wp\/v2\/media?parent=4018"}],"curies":[{"name":"wp","href":"https:\/\/api.w.org\/{rel}","templated":true}]}}