{"id":4140,"date":"2023-01-23T09:34:17","date_gmt":"2023-01-23T08:34:17","guid":{"rendered":"http:\/\/partyparts.eu\/rent\/transformers\/"},"modified":"2023-03-02T17:20:02","modified_gmt":"2023-03-02T16:20:02","slug":"transformers","status":"publish","type":"product","link":"https:\/\/partyparts.eu\/es\/rent\/transformers\/","title":{"rendered":"Transformers"},"content":{"rendered":"<p>Transformers para tu fiesta: \u00a1har\u00e1 que a los ni\u00f1os se les iluminen los ojos!<\/p>\n<p>Precio a pedido<\/p>\n","protected":false},"excerpt":{"rendered":"<p>Transformers para tu fiesta: \u00a1har\u00e1 que a los ni\u00f1os se les iluminen los ojos! Precio a pedido<\/p>\n","protected":false},"featured_media":2378,"template":"","meta":{"site-sidebar-layout":"default","site-content-layout":"default","ast-site-content-layout":"","site-content-style":"default","site-sidebar-style":"default","ast-global-header-display":"","ast-banner-title-visibility":"","ast-main-header-display":"","ast-hfb-above-header-display":"","ast-hfb-below-header-display":"","ast-hfb-mobile-header-display":"","site-post-title":"","ast-breadcrumbs-content":"","ast-featured-img":"","footer-sml-layout":"","theme-transparent-header-meta":"default","adv-header-id-meta":"","stick-header-meta":"","header-above-stick-meta":"","header-main-stick-meta":"","header-below-stick-meta":"","astra-migrate-meta-layouts":""},"product_cat":[55],"product_tag":[],"yoast_head":"<!-- This site is optimized with the Yoast SEO plugin v20.11 - https:\/\/yoast.com\/wordpress\/plugins\/seo\/ -->\n<title>Transformers rent - %<\/title>\n<meta name=\"description\" content=\"Alquila un Transformer viviente que le impresionar\u00e1 a t\u00ed y a los ni\u00f1os.\" \/>\n<meta name=\"robots\" content=\"index, follow, max-snippet:-1, max-image-preview:large, max-video-preview:-1\" \/>\n<link rel=\"canonical\" href=\"https:\/\/partyparts.eu\/es\/rent\/transformers\/\" \/>\n<meta property=\"og:locale\" content=\"es_ES\" \/>\n<meta property=\"og:type\" content=\"article\" \/>\n<meta property=\"og:title\" content=\"Transformers rent - %\" \/>\n<meta property=\"og:description\" content=\"Alquila un Transformer viviente que le impresionar\u00e1 a t\u00ed y a los ni\u00f1os.\" \/>\n<meta property=\"og:url\" content=\"https:\/\/partyparts.eu\/es\/rent\/transformers\/\" \/>\n<meta property=\"og:site_name\" content=\"Party Parts\" \/>\n<meta property=\"article:publisher\" content=\"https:\/\/www.facebook.com\/dPartyspass\" \/>\n<meta property=\"article:modified_time\" content=\"2023-03-02T16:20:02+00:00\" \/>\n<meta property=\"og:image\" content=\"http:\/\/partyparts.eu\/wp-content\/uploads\/2023\/01\/image0-scaled.jpeg\" \/>\n\t<meta property=\"og:image:width\" content=\"1920\" \/>\n\t<meta property=\"og:image:height\" content=\"2560\" \/>\n\t<meta property=\"og:image:type\" content=\"image\/jpeg\" \/>\n<meta name=\"twitter:card\" content=\"summary_large_image\" \/>\n<script type=\"application\/ld+json\" class=\"yoast-schema-graph\">{\"@context\":\"https:\/\/schema.org\",\"@graph\":[{\"@type\":\"WebPage\",\"@id\":\"https:\/\/partyparts.eu\/es\/rent\/transformers\/\",\"url\":\"https:\/\/partyparts.eu\/es\/rent\/transformers\/\",\"name\":\"Transformers rent - %\",\"isPartOf\":{\"@id\":\"https:\/\/partyparts.eu\/es\/#website\"},\"datePublished\":\"2023-01-23T08:34:17+00:00\",\"dateModified\":\"2023-03-02T16:20:02+00:00\",\"description\":\"Alquila un Transformer viviente que le impresionar\u00e1 a t\u00ed y a los ni\u00f1os.\",\"breadcrumb\":{\"@id\":\"https:\/\/partyparts.eu\/es\/rent\/transformers\/#breadcrumb\"},\"inLanguage\":\"es\",\"potentialAction\":[{\"@type\":\"ReadAction\",\"target\":[\"https:\/\/partyparts.eu\/es\/rent\/transformers\/\"]}]},{\"@type\":\"BreadcrumbList\",\"@id\":\"https:\/\/partyparts.eu\/es\/rent\/transformers\/#breadcrumb\",\"itemListElement\":[{\"@type\":\"ListItem\",\"position\":1,\"name\":\"Startseite\",\"item\":\"http:\/\/partyparts.eu\/es\/\"},{\"@type\":\"ListItem\",\"position\":2,\"name\":\"Productos\",\"item\":\"https:\/\/partyparts.eu\/es\/shop\/\"},{\"@type\":\"ListItem\",\"position\":3,\"name\":\"Transformers\"}]},{\"@type\":\"WebSite\",\"@id\":\"https:\/\/partyparts.eu\/es\/#website\",\"url\":\"https:\/\/partyparts.eu\/es\/\",\"name\":\"Party Parts\",\"description\":\"Miete dir, was Spa\u00df bringt!\",\"publisher\":{\"@id\":\"https:\/\/partyparts.eu\/es\/#organization\"},\"potentialAction\":[{\"@type\":\"SearchAction\",\"target\":{\"@type\":\"EntryPoint\",\"urlTemplate\":\"https:\/\/partyparts.eu\/es\/?s={search_term_string}\"},\"query-input\":\"required name=search_term_string\"}],\"inLanguage\":\"es\"},{\"@type\":\"Organization\",\"@id\":\"https:\/\/partyparts.eu\/es\/#organization\",\"name\":\"Party Parts\",\"url\":\"https:\/\/partyparts.eu\/es\/\",\"logo\":{\"@type\":\"ImageObject\",\"inLanguage\":\"es\",\"@id\":\"https:\/\/partyparts.eu\/es\/#\/schema\/logo\/image\/\",\"url\":\"https:\/\/partyparts.eu\/wp-content\/uploads\/2023\/01\/cropped-Logo_neu_150-2.png\",\"contentUrl\":\"https:\/\/partyparts.eu\/wp-content\/uploads\/2023\/01\/cropped-Logo_neu_150-2.png\",\"width\":150,\"height\":150,\"caption\":\"Party Parts\"},\"image\":{\"@id\":\"https:\/\/partyparts.eu\/es\/#\/schema\/logo\/image\/\"},\"sameAs\":[\"https:\/\/www.facebook.com\/dPartyspass\",\"https:\/\/www.instagram.com\/partypartsmallorca_\/\"]}]}<\/script>\n<!-- \/ Yoast SEO plugin. -->","yoast_head_json":{"title":"Transformers rent - %","description":"Alquila un Transformer viviente que le impresionar\u00e1 a t\u00ed y a los ni\u00f1os.","robots":{"index":"index","follow":"follow","max-snippet":"max-snippet:-1","max-image-preview":"max-image-preview:large","max-video-preview":"max-video-preview:-1"},"canonical":"https:\/\/partyparts.eu\/es\/rent\/transformers\/","og_locale":"es_ES","og_type":"article","og_title":"Transformers rent - %","og_description":"Alquila un Transformer viviente que le impresionar\u00e1 a t\u00ed y a los ni\u00f1os.","og_url":"https:\/\/partyparts.eu\/es\/rent\/transformers\/","og_site_name":"Party Parts","article_publisher":"https:\/\/www.facebook.com\/dPartyspass","article_modified_time":"2023-03-02T16:20:02+00:00","og_image":[{"width":1920,"height":2560,"url":"http:\/\/partyparts.eu\/wp-content\/uploads\/2023\/01\/image0-scaled.jpeg","type":"image\/jpeg"}],"twitter_card":"summary_large_image","schema":{"@context":"https:\/\/schema.org","@graph":[{"@type":"WebPage","@id":"https:\/\/partyparts.eu\/es\/rent\/transformers\/","url":"https:\/\/partyparts.eu\/es\/rent\/transformers\/","name":"Transformers rent - %","isPartOf":{"@id":"https:\/\/partyparts.eu\/es\/#website"},"datePublished":"2023-01-23T08:34:17+00:00","dateModified":"2023-03-02T16:20:02+00:00","description":"Alquila un Transformer viviente que le impresionar\u00e1 a t\u00ed y a los ni\u00f1os.","breadcrumb":{"@id":"https:\/\/partyparts.eu\/es\/rent\/transformers\/#breadcrumb"},"inLanguage":"es","potentialAction":[{"@type":"ReadAction","target":["https:\/\/partyparts.eu\/es\/rent\/transformers\/"]}]},{"@type":"BreadcrumbList","@id":"https:\/\/partyparts.eu\/es\/rent\/transformers\/#breadcrumb","itemListElement":[{"@type":"ListItem","position":1,"name":"Startseite","item":"http:\/\/partyparts.eu\/es\/"},{"@type":"ListItem","position":2,"name":"Productos","item":"https:\/\/partyparts.eu\/es\/shop\/"},{"@type":"ListItem","position":3,"name":"Transformers"}]},{"@type":"WebSite","@id":"https:\/\/partyparts.eu\/es\/#website","url":"https:\/\/partyparts.eu\/es\/","name":"Party Parts","description":"Miete dir, was Spa\u00df bringt!","publisher":{"@id":"https:\/\/partyparts.eu\/es\/#organization"},"potentialAction":[{"@type":"SearchAction","target":{"@type":"EntryPoint","urlTemplate":"https:\/\/partyparts.eu\/es\/?s={search_term_string}"},"query-input":"required name=search_term_string"}],"inLanguage":"es"},{"@type":"Organization","@id":"https:\/\/partyparts.eu\/es\/#organization","name":"Party Parts","url":"https:\/\/partyparts.eu\/es\/","logo":{"@type":"ImageObject","inLanguage":"es","@id":"https:\/\/partyparts.eu\/es\/#\/schema\/logo\/image\/","url":"https:\/\/partyparts.eu\/wp-content\/uploads\/2023\/01\/cropped-Logo_neu_150-2.png","contentUrl":"https:\/\/partyparts.eu\/wp-content\/uploads\/2023\/01\/cropped-Logo_neu_150-2.png","width":150,"height":150,"caption":"Party Parts"},"image":{"@id":"https:\/\/partyparts.eu\/es\/#\/schema\/logo\/image\/"},"sameAs":["https:\/\/www.facebook.com\/dPartyspass","https:\/\/www.instagram.com\/partypartsmallorca_\/"]}]}},"_links":{"self":[{"href":"https:\/\/partyparts.eu\/es\/wp-json\/wp\/v2\/product\/4140"}],"collection":[{"href":"https:\/\/partyparts.eu\/es\/wp-json\/wp\/v2\/product"}],"about":[{"href":"https:\/\/partyparts.eu\/es\/wp-json\/wp\/v2\/types\/product"}],"wp:featuredmedia":[{"embeddable":true,"href":"https:\/\/partyparts.eu\/es\/wp-json\/wp\/v2\/media\/2378"}],"wp:attachment":[{"href":"https:\/\/partyparts.eu\/es\/wp-json\/wp\/v2\/media?parent=4140"}],"wp:term":[{"taxonomy":"product_cat","embeddable":true,"href":"https:\/\/partyparts.eu\/es\/wp-json\/wp\/v2\/product_cat?post=4140"},{"taxonomy":"product_tag","embeddable":true,"href":"https:\/\/partyparts.eu\/es\/wp-json\/wp\/v2\/product_tag?post=4140"}],"curies":[{"name":"wp","href":"https:\/\/api.w.org\/{rel}","templated":true}]}}