{"id":4830,"date":"2023-05-08T10:31:03","date_gmt":"2023-05-08T09:31:03","guid":{"rendered":"http:\/\/partyparts.eu\/?post_type=product&#038;p=4830"},"modified":"2023-05-08T12:05:25","modified_gmt":"2023-05-08T11:05:25","slug":"castillo-hinchable-formula1","status":"publish","type":"product","link":"https:\/\/partyparts.eu\/es\/rent\/castillo-hinchable-formula1\/","title":{"rendered":"Castillo hinchable Formula1 4x4m"},"content":{"rendered":"<p>El castillo hinchable Formula1 4&#215;4 m es ideal para todos los ni\u00f1os amantes de los coches de carreras y la F\u00f3rmula 1, con 4 x 4 m de diversi\u00f3n hinchable para los m\u00e1s peque\u00f1os.<\/p>\n<p>90 euros\/d\u00eda<\/p>\n","protected":false},"excerpt":{"rendered":"<p>El castillo hinchable Formula1 4&#215;4 m es ideal para todos los ni\u00f1os amantes de los coches de carreras y la F\u00f3rmula 1, con 4 x 4 m de diversi\u00f3n hinchable para los m\u00e1s peque\u00f1os. 90 euros\/d\u00eda<\/p>\n","protected":false},"featured_media":4837,"template":"","meta":{"site-sidebar-layout":"default","site-content-layout":"default","ast-site-content-layout":"","site-content-style":"default","site-sidebar-style":"default","ast-global-header-display":"","ast-banner-title-visibility":"","ast-main-header-display":"","ast-hfb-above-header-display":"","ast-hfb-below-header-display":"","ast-hfb-mobile-header-display":"","site-post-title":"","ast-breadcrumbs-content":"","ast-featured-img":"","footer-sml-layout":"","theme-transparent-header-meta":"default","adv-header-id-meta":"","stick-header-meta":"","header-above-stick-meta":"","header-main-stick-meta":"","header-below-stick-meta":"","astra-migrate-meta-layouts":""},"product_cat":[53],"product_tag":[],"yoast_head":"<!-- This site is optimized with the Yoast SEO plugin v20.11 - https:\/\/yoast.com\/wordpress\/plugins\/seo\/ -->\n<title>Castillo hinchable Formula1 4x4m rent - Party Parts.<\/title>\n<meta name=\"description\" content=\"Alquile un castillo hinchable Formula1 en Mallorca | con 4 x 4 m de diversi\u00f3n hinchable para los m\u00e1s peque\u00f1os | 90 \u20ac\/d\u00eda - Fiesta de cumplea\u00f1os infantil &amp; Co.\" \/>\n<meta name=\"robots\" content=\"index, follow, max-snippet:-1, max-image-preview:large, max-video-preview:-1\" \/>\n<link rel=\"canonical\" href=\"https:\/\/partyparts.eu\/es\/rent\/castillo-hinchable-formula1\/\" \/>\n<meta property=\"og:locale\" content=\"es_ES\" \/>\n<meta property=\"og:type\" content=\"article\" \/>\n<meta property=\"og:title\" content=\"Castillo hinchable Formula1 4x4m rent - Party Parts.\" \/>\n<meta property=\"og:description\" content=\"Alquile un castillo hinchable Formula1 en Mallorca | con 4 x 4 m de diversi\u00f3n hinchable para los m\u00e1s peque\u00f1os | 90 \u20ac\/d\u00eda - Fiesta de cumplea\u00f1os infantil &amp; Co.\" \/>\n<meta property=\"og:url\" content=\"https:\/\/partyparts.eu\/es\/rent\/castillo-hinchable-formula1\/\" \/>\n<meta property=\"og:site_name\" content=\"Party Parts\" \/>\n<meta property=\"article:publisher\" content=\"https:\/\/www.facebook.com\/dPartyspass\" \/>\n<meta property=\"article:modified_time\" content=\"2023-05-08T11:05:25+00:00\" \/>\n<meta property=\"og:image\" content=\"http:\/\/partyparts.eu\/wp-content\/uploads\/2023\/05\/IMG_16241-1-scaled.jpg\" \/>\n\t<meta property=\"og:image:width\" content=\"2560\" \/>\n\t<meta property=\"og:image:height\" content=\"1707\" \/>\n\t<meta property=\"og:image:type\" content=\"image\/jpeg\" \/>\n<meta name=\"twitter:card\" content=\"summary_large_image\" \/>\n<meta name=\"twitter:label1\" content=\"Tiempo de lectura\" \/>\n\t<meta name=\"twitter:data1\" content=\"1 minuto\" \/>\n<script type=\"application\/ld+json\" class=\"yoast-schema-graph\">{\"@context\":\"https:\/\/schema.org\",\"@graph\":[{\"@type\":\"WebPage\",\"@id\":\"https:\/\/partyparts.eu\/es\/rent\/castillo-hinchable-formula1\/\",\"url\":\"https:\/\/partyparts.eu\/es\/rent\/castillo-hinchable-formula1\/\",\"name\":\"Castillo hinchable Formula1 4x4m rent - Party Parts.\",\"isPartOf\":{\"@id\":\"http:\/\/partyparts.eu\/es\/#website\"},\"datePublished\":\"2023-05-08T09:31:03+00:00\",\"dateModified\":\"2023-05-08T11:05:25+00:00\",\"description\":\"Alquile un castillo hinchable Formula1 en Mallorca | con 4 x 4 m de diversi\u00f3n hinchable para los m\u00e1s peque\u00f1os | 90 \u20ac\/d\u00eda - Fiesta de cumplea\u00f1os infantil & Co.\",\"breadcrumb\":{\"@id\":\"https:\/\/partyparts.eu\/es\/rent\/castillo-hinchable-formula1\/#breadcrumb\"},\"inLanguage\":\"es\",\"potentialAction\":[{\"@type\":\"ReadAction\",\"target\":[\"https:\/\/partyparts.eu\/es\/rent\/castillo-hinchable-formula1\/\"]}]},{\"@type\":\"BreadcrumbList\",\"@id\":\"https:\/\/partyparts.eu\/es\/rent\/castillo-hinchable-formula1\/#breadcrumb\",\"itemListElement\":[{\"@type\":\"ListItem\",\"position\":1,\"name\":\"Startseite\",\"item\":\"http:\/\/partyparts.eu\/es\/\"},{\"@type\":\"ListItem\",\"position\":2,\"name\":\"Productos\",\"item\":\"https:\/\/partyparts.eu\/es\/shop\/\"},{\"@type\":\"ListItem\",\"position\":3,\"name\":\"Castillo hinchable Formula1 4x4m\"}]},{\"@type\":\"WebSite\",\"@id\":\"http:\/\/partyparts.eu\/es\/#website\",\"url\":\"http:\/\/partyparts.eu\/es\/\",\"name\":\"Party Parts\",\"description\":\"Miete dir, was Spa\u00df bringt!\",\"publisher\":{\"@id\":\"http:\/\/partyparts.eu\/es\/#organization\"},\"potentialAction\":[{\"@type\":\"SearchAction\",\"target\":{\"@type\":\"EntryPoint\",\"urlTemplate\":\"http:\/\/partyparts.eu\/es\/?s={search_term_string}\"},\"query-input\":\"required name=search_term_string\"}],\"inLanguage\":\"es\"},{\"@type\":\"Organization\",\"@id\":\"http:\/\/partyparts.eu\/es\/#organization\",\"name\":\"Party Parts\",\"url\":\"http:\/\/partyparts.eu\/es\/\",\"logo\":{\"@type\":\"ImageObject\",\"inLanguage\":\"es\",\"@id\":\"http:\/\/partyparts.eu\/es\/#\/schema\/logo\/image\/\",\"url\":\"https:\/\/partyparts.eu\/wp-content\/uploads\/2023\/01\/cropped-Logo_neu_150-2.png\",\"contentUrl\":\"https:\/\/partyparts.eu\/wp-content\/uploads\/2023\/01\/cropped-Logo_neu_150-2.png\",\"width\":150,\"height\":150,\"caption\":\"Party Parts\"},\"image\":{\"@id\":\"http:\/\/partyparts.eu\/es\/#\/schema\/logo\/image\/\"},\"sameAs\":[\"https:\/\/www.facebook.com\/dPartyspass\",\"https:\/\/www.instagram.com\/partypartsmallorca_\/\"]}]}<\/script>\n<!-- \/ Yoast SEO plugin. -->","yoast_head_json":{"title":"Castillo hinchable Formula1 4x4m rent - Party Parts.","description":"Alquile un castillo hinchable Formula1 en Mallorca | con 4 x 4 m de diversi\u00f3n hinchable para los m\u00e1s peque\u00f1os | 90 \u20ac\/d\u00eda - Fiesta de cumplea\u00f1os infantil & Co.","robots":{"index":"index","follow":"follow","max-snippet":"max-snippet:-1","max-image-preview":"max-image-preview:large","max-video-preview":"max-video-preview:-1"},"canonical":"https:\/\/partyparts.eu\/es\/rent\/castillo-hinchable-formula1\/","og_locale":"es_ES","og_type":"article","og_title":"Castillo hinchable Formula1 4x4m rent - Party Parts.","og_description":"Alquile un castillo hinchable Formula1 en Mallorca | con 4 x 4 m de diversi\u00f3n hinchable para los m\u00e1s peque\u00f1os | 90 \u20ac\/d\u00eda - Fiesta de cumplea\u00f1os infantil & Co.","og_url":"https:\/\/partyparts.eu\/es\/rent\/castillo-hinchable-formula1\/","og_site_name":"Party Parts","article_publisher":"https:\/\/www.facebook.com\/dPartyspass","article_modified_time":"2023-05-08T11:05:25+00:00","og_image":[{"width":2560,"height":1707,"url":"http:\/\/partyparts.eu\/wp-content\/uploads\/2023\/05\/IMG_16241-1-scaled.jpg","type":"image\/jpeg"}],"twitter_card":"summary_large_image","twitter_misc":{"Tiempo de lectura":"1 minuto"},"schema":{"@context":"https:\/\/schema.org","@graph":[{"@type":"WebPage","@id":"https:\/\/partyparts.eu\/es\/rent\/castillo-hinchable-formula1\/","url":"https:\/\/partyparts.eu\/es\/rent\/castillo-hinchable-formula1\/","name":"Castillo hinchable Formula1 4x4m rent - Party Parts.","isPartOf":{"@id":"http:\/\/partyparts.eu\/es\/#website"},"datePublished":"2023-05-08T09:31:03+00:00","dateModified":"2023-05-08T11:05:25+00:00","description":"Alquile un castillo hinchable Formula1 en Mallorca | con 4 x 4 m de diversi\u00f3n hinchable para los m\u00e1s peque\u00f1os | 90 \u20ac\/d\u00eda - Fiesta de cumplea\u00f1os infantil & Co.","breadcrumb":{"@id":"https:\/\/partyparts.eu\/es\/rent\/castillo-hinchable-formula1\/#breadcrumb"},"inLanguage":"es","potentialAction":[{"@type":"ReadAction","target":["https:\/\/partyparts.eu\/es\/rent\/castillo-hinchable-formula1\/"]}]},{"@type":"BreadcrumbList","@id":"https:\/\/partyparts.eu\/es\/rent\/castillo-hinchable-formula1\/#breadcrumb","itemListElement":[{"@type":"ListItem","position":1,"name":"Startseite","item":"http:\/\/partyparts.eu\/es\/"},{"@type":"ListItem","position":2,"name":"Productos","item":"https:\/\/partyparts.eu\/es\/shop\/"},{"@type":"ListItem","position":3,"name":"Castillo hinchable Formula1 4x4m"}]},{"@type":"WebSite","@id":"http:\/\/partyparts.eu\/es\/#website","url":"http:\/\/partyparts.eu\/es\/","name":"Party Parts","description":"Miete dir, was Spa\u00df bringt!","publisher":{"@id":"http:\/\/partyparts.eu\/es\/#organization"},"potentialAction":[{"@type":"SearchAction","target":{"@type":"EntryPoint","urlTemplate":"http:\/\/partyparts.eu\/es\/?s={search_term_string}"},"query-input":"required name=search_term_string"}],"inLanguage":"es"},{"@type":"Organization","@id":"http:\/\/partyparts.eu\/es\/#organization","name":"Party Parts","url":"http:\/\/partyparts.eu\/es\/","logo":{"@type":"ImageObject","inLanguage":"es","@id":"http:\/\/partyparts.eu\/es\/#\/schema\/logo\/image\/","url":"https:\/\/partyparts.eu\/wp-content\/uploads\/2023\/01\/cropped-Logo_neu_150-2.png","contentUrl":"https:\/\/partyparts.eu\/wp-content\/uploads\/2023\/01\/cropped-Logo_neu_150-2.png","width":150,"height":150,"caption":"Party Parts"},"image":{"@id":"http:\/\/partyparts.eu\/es\/#\/schema\/logo\/image\/"},"sameAs":["https:\/\/www.facebook.com\/dPartyspass","https:\/\/www.instagram.com\/partypartsmallorca_\/"]}]}},"_links":{"self":[{"href":"https:\/\/partyparts.eu\/es\/wp-json\/wp\/v2\/product\/4830"}],"collection":[{"href":"https:\/\/partyparts.eu\/es\/wp-json\/wp\/v2\/product"}],"about":[{"href":"https:\/\/partyparts.eu\/es\/wp-json\/wp\/v2\/types\/product"}],"wp:featuredmedia":[{"embeddable":true,"href":"https:\/\/partyparts.eu\/es\/wp-json\/wp\/v2\/media\/4837"}],"wp:attachment":[{"href":"https:\/\/partyparts.eu\/es\/wp-json\/wp\/v2\/media?parent=4830"}],"wp:term":[{"taxonomy":"product_cat","embeddable":true,"href":"https:\/\/partyparts.eu\/es\/wp-json\/wp\/v2\/product_cat?post=4830"},{"taxonomy":"product_tag","embeddable":true,"href":"https:\/\/partyparts.eu\/es\/wp-json\/wp\/v2\/product_tag?post=4830"}],"curies":[{"name":"wp","href":"https:\/\/api.w.org\/{rel}","templated":true}]}}